{"id":567,"date":"2021-02-10T18:42:50","date_gmt":"2021-02-10T15:42:50","guid":{"rendered":"http:\/\/bilsar.com\/bils\/"},"modified":"2026-02-11T12:51:19","modified_gmt":"2026-02-11T09:51:19","slug":"bils","status":"publish","type":"page","link":"https:\/\/www.bilsar.com\/tr\/bils\/","title":{"rendered":"Bil&#8217;s"},"content":{"rendered":"<div class=\"fusion-fullwidth fullwidth-box fusion-builder-row-1 fusion-flex-container nonhundred-percent-fullwidth non-hundred-percent-height-scrolling\" style=\"--awb-border-radius-top-left:0px;--awb-border-radius-top-right:0px;--awb-border-radius-bottom-right:0px;--awb-border-radius-bottom-left:0px;--awb-flex-wrap:wrap;\" ><div class=\"fusion-builder-row fusion-row fusion-flex-align-items-flex-start fusion-flex-content-wrap\" style=\"max-width:104%;margin-left: calc(-4% \/ 2 );margin-right: calc(-4% \/ 2 );\"><div class=\"fusion-layout-column fusion_builder_column fusion-builder-column-0 fusion_builder_column_1_4 1_4 fusion-flex-column\" style=\"--awb-bg-size:cover;--awb-width-large:25%;--awb-margin-top-large:0px;--awb-spacing-right-large:7.68%;--awb-margin-bottom-large:20px;--awb-spacing-left-large:7.68%;--awb-width-medium:25%;--awb-order-medium:0;--awb-spacing-right-medium:7.68%;--awb-spacing-left-medium:7.68%;--awb-width-small:100%;--awb-order-small:0;--awb-spacing-right-small:1.92%;--awb-spacing-left-small:1.92%;\"><div class=\"fusion-column-wrapper fusion-column-has-shadow fusion-flex-justify-content-flex-start fusion-content-layout-column\"><\/div><\/div><div class=\"fusion-layout-column fusion_builder_column fusion-builder-column-1 fusion_builder_column_1_2 1_2 fusion-flex-column\" style=\"--awb-padding-right:15px;--awb-padding-left:15px;--awb-bg-size:cover;--awb-width-large:50%;--awb-margin-top-large:50px;--awb-spacing-right-large:3.84%;--awb-margin-bottom-large:50px;--awb-spacing-left-large:3.84%;--awb-width-medium:50%;--awb-order-medium:0;--awb-spacing-right-medium:3.84%;--awb-spacing-left-medium:3.84%;--awb-width-small:100%;--awb-order-small:0;--awb-spacing-right-small:1.92%;--awb-spacing-left-small:1.92%;\"><div class=\"fusion-column-wrapper fusion-column-has-shadow fusion-flex-justify-content-flex-start fusion-content-layout-column\"><div class=\"fusion-text fusion-text-1\" style=\"--awb-content-alignment:center;--awb-font-size:15px;--awb-text-color:#000000;--awb-text-font-family:&quot;Montserrat&quot;;--awb-text-font-style:normal;--awb-text-font-weight:400;\"><p>Sanat\u00e7\u0131 i\u015f birlikleri ve yenilik\u00e7i tasar\u0131m anlay\u0131\u015f\u0131 ile Bil\u2019s, 2000 y\u0131l\u0131nda beyaz g\u00f6mlek k\u00fclt\u00fcr\u00fc \u00e7er\u00e7evesinde hayata ge\u00e7mi\u015ftir. Uyarlanabilir, s\u00fcrd\u00fcr\u00fclebilir ve uzun \u00f6m\u00fcrl\u00fc \u00fcst kalite temel par\u00e7alar sunan markada<br \/>\nher bir \u00fcr\u00fcn, multidisipliner bir yakla\u015f\u0131mla tasarlan\u0131r ve firman\u0131n kendi fabrikas\u0131nda \u00fcretilir.<br \/>\nLondra ve \u0130stanbul merkezli Bil\u2019s, s\u00fcrd\u00fcr\u00fclebilirli\u011fe ve kusursuz sadeli\u011fe odaklanmaktad\u0131r.<\/p>\n<\/div><\/div><\/div><div class=\"fusion-layout-column fusion_builder_column fusion-builder-column-2 fusion_builder_column_1_4 1_4 fusion-flex-column\" style=\"--awb-bg-size:cover;--awb-width-large:25%;--awb-margin-top-large:0px;--awb-spacing-right-large:7.68%;--awb-margin-bottom-large:20px;--awb-spacing-left-large:7.68%;--awb-width-medium:25%;--awb-order-medium:0;--awb-spacing-right-medium:7.68%;--awb-spacing-left-medium:7.68%;--awb-width-small:100%;--awb-order-small:0;--awb-spacing-right-small:1.92%;--awb-spacing-left-small:1.92%;\"><div class=\"fusion-column-wrapper fusion-column-has-shadow fusion-flex-justify-content-flex-start fusion-content-layout-column\"><\/div><\/div><\/div><\/div>\n","protected":false},"excerpt":{"rendered":"","protected":false},"author":1,"featured_media":0,"parent":0,"menu_order":0,"comment_status":"closed","ping_status":"closed","template":"","meta":{"footnotes":""},"class_list":["post-567","page","type-page","status-publish","hentry"],"yoast_head":"<!-- This site is optimized with the Yoast SEO Premium plugin v26.9 (Yoast SEO v26.9) - https:\/\/yoast.com\/product\/yoast-seo-premium-wordpress\/ -->\n<title>Bil&#039;s - Bilsar<\/title>\n<meta name=\"description\" content=\"We are a family company established as Bilsar in 1947. We have specialized in shirts for the last 32 years, producing shirts for world brands in our own factory. Our CEO, Selman Bilal, from the 3rd generation of our family, has a great passion for shirts.\" \/>\n<meta name=\"robots\" content=\"index, follow, max-snippet:-1, max-image-preview:large, max-video-preview:-1\" \/>\n<link rel=\"canonical\" href=\"https:\/\/www.bilsar.com\/tr\/bils\/\" \/>\n<meta property=\"og:locale\" content=\"tr_TR\" \/>\n<meta property=\"og:type\" content=\"article\" \/>\n<meta property=\"og:title\" content=\"Bil&#039;s\" \/>\n<meta property=\"og:description\" content=\"We are a family company established as Bilsar in 1947. We have specialized in shirts for the last 32 years, producing shirts for world brands in our own factory. Our CEO, Selman Bilal, from the 3rd generation of our family, has a great passion for shirts.\" \/>\n<meta property=\"og:url\" content=\"https:\/\/www.bilsar.com\/tr\/bils\/\" \/>\n<meta property=\"og:site_name\" content=\"Bilsar\" \/>\n<meta property=\"article:publisher\" content=\"https:\/\/www.facebook.com\/BilsarAs\/\" \/>\n<meta property=\"article:modified_time\" content=\"2026-02-11T09:51:19+00:00\" \/>\n<meta name=\"twitter:card\" content=\"summary_large_image\" \/>\n<meta name=\"twitter:label1\" content=\"Tahmini okuma s\u00fcresi\" \/>\n\t<meta name=\"twitter:data1\" content=\"2 dakika\" \/>\n<script type=\"application\/ld+json\" class=\"yoast-schema-graph\">{\"@context\":\"https:\/\/schema.org\",\"@graph\":[{\"@type\":\"WebPage\",\"@id\":\"https:\/\/www.bilsar.com\/tr\/bils\/\",\"url\":\"https:\/\/www.bilsar.com\/tr\/bils\/\",\"name\":\"Bil's - Bilsar\",\"isPartOf\":{\"@id\":\"https:\/\/www.bilsar.com\/#website\"},\"datePublished\":\"2021-02-10T15:42:50+00:00\",\"dateModified\":\"2026-02-11T09:51:19+00:00\",\"description\":\"We are a family company established as Bilsar in 1947. We have specialized in shirts for the last 32 years, producing shirts for world brands in our own factory. Our CEO, Selman Bilal, from the 3rd generation of our family, has a great passion for shirts.\",\"breadcrumb\":{\"@id\":\"https:\/\/www.bilsar.com\/tr\/bils\/#breadcrumb\"},\"inLanguage\":\"tr\",\"potentialAction\":[{\"@type\":\"ReadAction\",\"target\":[\"https:\/\/www.bilsar.com\/tr\/bils\/\"]}]},{\"@type\":\"BreadcrumbList\",\"@id\":\"https:\/\/www.bilsar.com\/tr\/bils\/#breadcrumb\",\"itemListElement\":[{\"@type\":\"ListItem\",\"position\":1,\"name\":\"Home\",\"item\":\"https:\/\/www.bilsar.com\/tr\/\"},{\"@type\":\"ListItem\",\"position\":2,\"name\":\"Bil&#8217;s\"}]},{\"@type\":\"WebSite\",\"@id\":\"https:\/\/www.bilsar.com\/#website\",\"url\":\"https:\/\/www.bilsar.com\/\",\"name\":\"Bilsar\",\"description\":\"\",\"publisher\":{\"@id\":\"https:\/\/www.bilsar.com\/#organization\"},\"potentialAction\":[{\"@type\":\"SearchAction\",\"target\":{\"@type\":\"EntryPoint\",\"urlTemplate\":\"https:\/\/www.bilsar.com\/?s={search_term_string}\"},\"query-input\":{\"@type\":\"PropertyValueSpecification\",\"valueRequired\":true,\"valueName\":\"search_term_string\"}}],\"inLanguage\":\"tr\"},{\"@type\":\"Organization\",\"@id\":\"https:\/\/www.bilsar.com\/#organization\",\"name\":\"Bilsar\",\"url\":\"https:\/\/www.bilsar.com\/\",\"logo\":{\"@type\":\"ImageObject\",\"inLanguage\":\"tr\",\"@id\":\"https:\/\/www.bilsar.com\/#\/schema\/logo\/image\/\",\"url\":\"https:\/\/www.bilsar.com\/wp-content\/uploads\/2024\/02\/dark_logo.svg\",\"contentUrl\":\"https:\/\/www.bilsar.com\/wp-content\/uploads\/2024\/02\/dark_logo.svg\",\"width\":419,\"height\":130,\"caption\":\"Bilsar\"},\"image\":{\"@id\":\"https:\/\/www.bilsar.com\/#\/schema\/logo\/image\/\"},\"sameAs\":[\"https:\/\/www.facebook.com\/BilsarAs\/\",\"https:\/\/www.linkedin.com\/company\/bilsar\"],\"description\":\"Established in 1947, Bilsar has become one of the dynamic, pioneering and innovative names of the fashion world today, with over 70 years of gratifying experience in the textile sector. Bilsar, as a leading manufacturer and exporter of Turkey, produces more than 3 million shirts annually.\",\"email\":\"info@bilsar.com\",\"telephone\":\"+902122459000\",\"legalName\":\"Bilsar A.S.\"}]}<\/script>\n<!-- \/ Yoast SEO Premium plugin. -->","yoast_head_json":{"title":"Bil's - Bilsar","description":"We are a family company established as Bilsar in 1947. We have specialized in shirts for the last 32 years, producing shirts for world brands in our own factory. Our CEO, Selman Bilal, from the 3rd generation of our family, has a great passion for shirts.","robots":{"index":"index","follow":"follow","max-snippet":"max-snippet:-1","max-image-preview":"max-image-preview:large","max-video-preview":"max-video-preview:-1"},"canonical":"https:\/\/www.bilsar.com\/tr\/bils\/","og_locale":"tr_TR","og_type":"article","og_title":"Bil's","og_description":"We are a family company established as Bilsar in 1947. We have specialized in shirts for the last 32 years, producing shirts for world brands in our own factory. Our CEO, Selman Bilal, from the 3rd generation of our family, has a great passion for shirts.","og_url":"https:\/\/www.bilsar.com\/tr\/bils\/","og_site_name":"Bilsar","article_publisher":"https:\/\/www.facebook.com\/BilsarAs\/","article_modified_time":"2026-02-11T09:51:19+00:00","twitter_card":"summary_large_image","twitter_misc":{"Tahmini okuma s\u00fcresi":"2 dakika"},"schema":{"@context":"https:\/\/schema.org","@graph":[{"@type":"WebPage","@id":"https:\/\/www.bilsar.com\/tr\/bils\/","url":"https:\/\/www.bilsar.com\/tr\/bils\/","name":"Bil's - Bilsar","isPartOf":{"@id":"https:\/\/www.bilsar.com\/#website"},"datePublished":"2021-02-10T15:42:50+00:00","dateModified":"2026-02-11T09:51:19+00:00","description":"We are a family company established as Bilsar in 1947. We have specialized in shirts for the last 32 years, producing shirts for world brands in our own factory. Our CEO, Selman Bilal, from the 3rd generation of our family, has a great passion for shirts.","breadcrumb":{"@id":"https:\/\/www.bilsar.com\/tr\/bils\/#breadcrumb"},"inLanguage":"tr","potentialAction":[{"@type":"ReadAction","target":["https:\/\/www.bilsar.com\/tr\/bils\/"]}]},{"@type":"BreadcrumbList","@id":"https:\/\/www.bilsar.com\/tr\/bils\/#breadcrumb","itemListElement":[{"@type":"ListItem","position":1,"name":"Home","item":"https:\/\/www.bilsar.com\/tr\/"},{"@type":"ListItem","position":2,"name":"Bil&#8217;s"}]},{"@type":"WebSite","@id":"https:\/\/www.bilsar.com\/#website","url":"https:\/\/www.bilsar.com\/","name":"Bilsar","description":"","publisher":{"@id":"https:\/\/www.bilsar.com\/#organization"},"potentialAction":[{"@type":"SearchAction","target":{"@type":"EntryPoint","urlTemplate":"https:\/\/www.bilsar.com\/?s={search_term_string}"},"query-input":{"@type":"PropertyValueSpecification","valueRequired":true,"valueName":"search_term_string"}}],"inLanguage":"tr"},{"@type":"Organization","@id":"https:\/\/www.bilsar.com\/#organization","name":"Bilsar","url":"https:\/\/www.bilsar.com\/","logo":{"@type":"ImageObject","inLanguage":"tr","@id":"https:\/\/www.bilsar.com\/#\/schema\/logo\/image\/","url":"https:\/\/www.bilsar.com\/wp-content\/uploads\/2024\/02\/dark_logo.svg","contentUrl":"https:\/\/www.bilsar.com\/wp-content\/uploads\/2024\/02\/dark_logo.svg","width":419,"height":130,"caption":"Bilsar"},"image":{"@id":"https:\/\/www.bilsar.com\/#\/schema\/logo\/image\/"},"sameAs":["https:\/\/www.facebook.com\/BilsarAs\/","https:\/\/www.linkedin.com\/company\/bilsar"],"description":"Established in 1947, Bilsar has become one of the dynamic, pioneering and innovative names of the fashion world today, with over 70 years of gratifying experience in the textile sector. Bilsar, as a leading manufacturer and exporter of Turkey, produces more than 3 million shirts annually.","email":"info@bilsar.com","telephone":"+902122459000","legalName":"Bilsar A.S."}]}},"_links":{"self":[{"href":"https:\/\/www.bilsar.com\/tr\/wp-json\/wp\/v2\/pages\/567","targetHints":{"allow":["GET"]}}],"collection":[{"href":"https:\/\/www.bilsar.com\/tr\/wp-json\/wp\/v2\/pages"}],"about":[{"href":"https:\/\/www.bilsar.com\/tr\/wp-json\/wp\/v2\/types\/page"}],"author":[{"embeddable":true,"href":"https:\/\/www.bilsar.com\/tr\/wp-json\/wp\/v2\/users\/1"}],"replies":[{"embeddable":true,"href":"https:\/\/www.bilsar.com\/tr\/wp-json\/wp\/v2\/comments?post=567"}],"version-history":[{"count":6,"href":"https:\/\/www.bilsar.com\/tr\/wp-json\/wp\/v2\/pages\/567\/revisions"}],"predecessor-version":[{"id":895,"href":"https:\/\/www.bilsar.com\/tr\/wp-json\/wp\/v2\/pages\/567\/revisions\/895"}],"wp:attachment":[{"href":"https:\/\/www.bilsar.com\/tr\/wp-json\/wp\/v2\/media?parent=567"}],"curies":[{"name":"wp","href":"https:\/\/api.w.org\/{rel}","templated":true}]}}