{"id":570,"date":"2021-02-10T18:44:09","date_gmt":"2021-02-10T15:44:09","guid":{"rendered":"http:\/\/bilsar.com\/design\/"},"modified":"2022-01-13T16:32:55","modified_gmt":"2022-01-13T13:32:55","slug":"tasarim","status":"publish","type":"page","link":"https:\/\/www.bilsar.com\/tr\/tasarim\/","title":{"rendered":"Tasarim"},"content":{"rendered":"<p><div class=\"fusion-fullwidth fullwidth-box fusion-builder-row-1 fusion-flex-container nonhundred-percent-fullwidth non-hundred-percent-height-scrolling\" style=\"--awb-border-radius-top-left:0px;--awb-border-radius-top-right:0px;--awb-border-radius-bottom-right:0px;--awb-border-radius-bottom-left:0px;--awb-flex-wrap:wrap;\" ><div class=\"fusion-builder-row fusion-row fusion-flex-align-items-flex-start fusion-flex-content-wrap\" style=\"max-width:104%;margin-left: calc(-4% \/ 2 );margin-right: calc(-4% \/ 2 );\"><div class=\"fusion-layout-column fusion_builder_column fusion-builder-column-0 fusion_builder_column_1_4 1_4 fusion-flex-column\" style=\"--awb-bg-size:cover;--awb-width-large:25%;--awb-margin-top-large:0px;--awb-spacing-right-large:7.68%;--awb-margin-bottom-large:20px;--awb-spacing-left-large:7.68%;--awb-width-medium:25%;--awb-order-medium:0;--awb-spacing-right-medium:7.68%;--awb-spacing-left-medium:7.68%;--awb-width-small:100%;--awb-order-small:0;--awb-spacing-right-small:1.92%;--awb-spacing-left-small:1.92%;\"><div class=\"fusion-column-wrapper fusion-column-has-shadow fusion-flex-justify-content-flex-start fusion-content-layout-column\"><\/div><\/div><div class=\"fusion-layout-column fusion_builder_column fusion-builder-column-1 fusion_builder_column_1_2 1_2 fusion-flex-column\" style=\"--awb-padding-right:15px;--awb-padding-left:15px;--awb-bg-size:cover;--awb-width-large:50%;--awb-margin-top-large:50px;--awb-spacing-right-large:3.84%;--awb-margin-bottom-large:50px;--awb-spacing-left-large:3.84%;--awb-width-medium:50%;--awb-order-medium:0;--awb-spacing-right-medium:3.84%;--awb-spacing-left-medium:3.84%;--awb-width-small:100%;--awb-order-small:0;--awb-spacing-right-small:1.92%;--awb-spacing-left-small:1.92%;\"><div class=\"fusion-column-wrapper fusion-column-has-shadow fusion-flex-justify-content-flex-start fusion-content-layout-column\"><div class=\"fusion-text fusion-text-1 fusion-no-small-visibility\" style=\"--awb-font-size:40px;--awb-text-color:#000000;--awb-text-font-family:&quot;Montserrat&quot;;--awb-text-font-style:normal;--awb-text-font-weight:400;\"><p class=\"divcenter bottommargin-sm regular h2-title mobil-title-margin\" style=\"text-align: center;\"><strong>TASARIM VE \u00dcR\u00dcN GEL\u0130\u015eT\u0130RME<\/strong><\/p>\n<\/div><div class=\"fusion-text fusion-text-2 fusion-no-medium-visibility fusion-no-large-visibility\" style=\"--awb-font-size:25px;--awb-text-color:#000000;--awb-text-font-family:&quot;Montserrat&quot;;--awb-text-font-style:normal;--awb-text-font-weight:400;\"><p class=\"divcenter bottommargin-sm regular h2-title mobil-title-margin\" style=\"text-align: center;\"><strong>TASARIM VE \u00dcR\u00dcN GEL\u0130\u015eT\u0130RME<\/strong><\/p>\n<\/div><div class=\"fusion-text fusion-text-3\" style=\"--awb-content-alignment:center;--awb-font-size:15px;--awb-text-color:#000000;--awb-text-font-family:&quot;Montserrat&quot;;--awb-text-font-style:normal;--awb-text-font-weight:400;\"><p>\u00d6zg\u00fcn, yarat\u0131c\u0131 ve yenilik\u00e7i yakla\u015f\u0131m\u0131yla sekt\u00f6rde dikkat \u00e7eken Bilsar, t\u00fcm departmanlar\u0131nda oldu\u011fu gibi tasar\u0131m ve \u00fcr\u00fcn geli\u015ftirme departman\u0131nda da dinamik ve \u00e7ok y\u00f6nl\u00fc yap\u0131s\u0131n\u0131 devam ettirmektedir. Bilsar tasar\u0131m ve \u00fcr\u00fcn geli\u015ftirme departman\u0131, ihracat, \u00fcretim, perakende ve marka y\u00f6netimi departmanlar\u0131 ile senkronize bir bi\u00e7imde \u00e7al\u0131\u015fmaktad\u0131r.<\/p>\n<p>Sezon trendleri ve m\u00fc\u015fterilerin beklentileri do\u011frultusunda yap\u0131lan ara\u015ft\u0131rmalar ve \u00fcr\u00fcn geli\u015ftirmeler bu departman\u0131n odak noktas\u0131nda yer almaktad\u0131r. Hem erkek, hem kad\u0131n giyim i\u00e7in senede 4 defa koleksiyon haz\u0131rlayan Bilsar tasar\u0131m ve \u00fcr\u00fcn geli\u015ftirme departman\u0131, farkl\u0131 m\u00fc\u015fterilerin isteklerine ve ihtiya\u00e7lar\u0131na uygun bir bi\u00e7imde geni\u015f bir yelpazede smart, casual, denim ve bluz tarz\u0131 \u00fcr\u00fcnler tasarlamaktad\u0131r.<\/p>\n<p>Bilsar tasar\u0131m ve \u00fcr\u00fcn geli\u015ftirme departman\u0131, sadece sundu\u011fu koleksiyonlarla de\u011fil, ayn\u0131 zamanda ofisinde yer alan kuma\u015f k\u00fct\u00fcphanesi, farkl\u0131 desen ve renk se\u00e7enekleri, \u00e7e\u015fitli y\u0131kama ve boyama teknikleri ile m\u00fc\u015fterilerine kullan\u0131\u015fl\u0131 ve ilham verici bir \u00e7al\u0131\u015fma ortam\u0131 yaratmay\u0131 ama\u00e7lamaktad\u0131r.<\/p>\n<\/div><\/div><\/div><div class=\"fusion-layout-column fusion_builder_column fusion-builder-column-2 fusion_builder_column_1_4 1_4 fusion-flex-column\" style=\"--awb-bg-size:cover;--awb-width-large:25%;--awb-margin-top-large:0px;--awb-spacing-right-large:7.68%;--awb-margin-bottom-large:20px;--awb-spacing-left-large:7.68%;--awb-width-medium:25%;--awb-order-medium:0;--awb-spacing-right-medium:7.68%;--awb-spacing-left-medium:7.68%;--awb-width-small:100%;--awb-order-small:0;--awb-spacing-right-small:1.92%;--awb-spacing-left-small:1.92%;\"><div class=\"fusion-column-wrapper fusion-column-has-shadow fusion-flex-justify-content-flex-start fusion-content-layout-column\"><\/div><\/div><\/div><\/div><div class=\"fusion-fullwidth fullwidth-box fusion-builder-row-2 fusion-flex-container nonhundred-percent-fullwidth non-hundred-percent-height-scrolling fusion-no-small-visibility\" style=\"--awb-border-radius-top-left:0px;--awb-border-radius-top-right:0px;--awb-border-radius-bottom-right:0px;--awb-border-radius-bottom-left:0px;--awb-flex-wrap:wrap;\" ><div class=\"fusion-builder-row fusion-row fusion-flex-align-items-flex-start fusion-flex-content-wrap\" style=\"max-width:104%;margin-left: calc(-4% \/ 2 );margin-right: calc(-4% \/ 2 );\"><div class=\"fusion-layout-column fusion_builder_column fusion-builder-column-3 fusion_builder_column_1_1 1_1 fusion-flex-column\" style=\"--awb-bg-size:cover;--awb-width-large:100%;--awb-margin-top-large:0px;--awb-spacing-right-large:1.92%;--awb-margin-bottom-large:20px;--awb-spacing-left-large:1.92%;--awb-width-medium:100%;--awb-order-medium:0;--awb-spacing-right-medium:1.92%;--awb-spacing-left-medium:1.92%;--awb-width-small:100%;--awb-order-small:0;--awb-spacing-right-small:1.92%;--awb-spacing-left-small:1.92%;\"><div class=\"fusion-column-wrapper fusion-column-has-shadow fusion-flex-justify-content-flex-start fusion-content-layout-column\"><div class=\"fusion-image-element \" style=\"text-align:center;--awb-caption-title-font-family:var(--h2_typography-font-family);--awb-caption-title-font-weight:var(--h2_typography-font-weight);--awb-caption-title-font-style:var(--h2_typography-font-style);--awb-caption-title-size:var(--h2_typography-font-size);--awb-caption-title-transform:var(--h2_typography-text-transform);--awb-caption-title-line-height:var(--h2_typography-line-height);--awb-caption-title-letter-spacing:var(--h2_typography-letter-spacing);\"><span class=\" fusion-imageframe imageframe-none imageframe-1 hover-type-none\"><img decoding=\"async\" width=\"1920\" height=\"600\" title=\"head-banner-1920&#215;600-teknoloji-TR\" src=\"https:\/\/www.bilsar.com\/wp-content\/uploads\/2021\/02\/head-banner-1920x600-teknoloji-TR.jpg\" data-orig-src=\"https:\/\/www.bilsar.com\/wp-content\/uploads\/2021\/02\/head-banner-1920x600-teknoloji-TR.jpg\" alt class=\"lazyload img-responsive wp-image-652\" srcset=\"data:image\/svg+xml,%3Csvg%20xmlns%3D%27http%3A%2F%2Fwww.w3.org%2F2000%2Fsvg%27%20width%3D%271920%27%20height%3D%27600%27%20viewBox%3D%270%200%201920%20600%27%3E%3Crect%20width%3D%271920%27%20height%3D%27600%27%20fill-opacity%3D%220%22%2F%3E%3C%2Fsvg%3E\" data-srcset=\"https:\/\/www.bilsar.com\/wp-content\/uploads\/2021\/02\/head-banner-1920x600-teknoloji-TR-200x63.jpg 200w, https:\/\/www.bilsar.com\/wp-content\/uploads\/2021\/02\/head-banner-1920x600-teknoloji-TR-400x125.jpg 400w, https:\/\/www.bilsar.com\/wp-content\/uploads\/2021\/02\/head-banner-1920x600-teknoloji-TR-600x188.jpg 600w, https:\/\/www.bilsar.com\/wp-content\/uploads\/2021\/02\/head-banner-1920x600-teknoloji-TR-800x250.jpg 800w, https:\/\/www.bilsar.com\/wp-content\/uploads\/2021\/02\/head-banner-1920x600-teknoloji-TR-1200x375.jpg 1200w, https:\/\/www.bilsar.com\/wp-content\/uploads\/2021\/02\/head-banner-1920x600-teknoloji-TR.jpg 1920w\" data-sizes=\"auto\" data-orig-sizes=\"(max-width: 640px) 100vw, 1920px\" \/><\/span><\/div><\/div><\/div><\/div><\/div><div class=\"fusion-fullwidth fullwidth-box fusion-builder-row-3 fusion-flex-container nonhundred-percent-fullwidth non-hundred-percent-height-scrolling fusion-no-medium-visibility fusion-no-large-visibility\" style=\"--awb-border-radius-top-left:0px;--awb-border-radius-top-right:0px;--awb-border-radius-bottom-right:0px;--awb-border-radius-bottom-left:0px;--awb-flex-wrap:wrap;\" ><div class=\"fusion-builder-row fusion-row fusion-flex-align-items-flex-start fusion-flex-content-wrap\" style=\"max-width:104%;margin-left: calc(-4% \/ 2 );margin-right: calc(-4% \/ 2 );\"><div class=\"fusion-layout-column fusion_builder_column fusion-builder-column-4 fusion_builder_column_1_1 1_1 fusion-flex-column\" style=\"--awb-bg-size:cover;--awb-width-large:100%;--awb-margin-top-large:0px;--awb-spacing-right-large:1.92%;--awb-margin-bottom-large:20px;--awb-spacing-left-large:1.92%;--awb-width-medium:100%;--awb-order-medium:0;--awb-spacing-right-medium:1.92%;--awb-spacing-left-medium:1.92%;--awb-width-small:100%;--awb-order-small:0;--awb-spacing-right-small:1.92%;--awb-spacing-left-small:1.92%;\"><div class=\"fusion-column-wrapper fusion-column-has-shadow fusion-flex-justify-content-flex-start fusion-content-layout-column\"><div class=\"fusion-image-element \" style=\"text-align:center;--awb-caption-title-font-family:var(--h2_typography-font-family);--awb-caption-title-font-weight:var(--h2_typography-font-weight);--awb-caption-title-font-style:var(--h2_typography-font-style);--awb-caption-title-size:var(--h2_typography-font-size);--awb-caption-title-transform:var(--h2_typography-text-transform);--awb-caption-title-line-height:var(--h2_typography-line-height);--awb-caption-title-letter-spacing:var(--h2_typography-letter-spacing);\"><span class=\" fusion-imageframe imageframe-none imageframe-2 hover-type-none\"><img decoding=\"async\" width=\"400\" height=\"300\" title=\"head-banner-400X300-tech-mobile\" src=\"https:\/\/www.bilsar.com\/wp-content\/uploads\/2021\/02\/head-banner-400X300-tech-mobile.jpg\" data-orig-src=\"https:\/\/www.bilsar.com\/wp-content\/uploads\/2021\/02\/head-banner-400X300-tech-mobile.jpg\" alt class=\"lazyload img-responsive wp-image-450\" srcset=\"data:image\/svg+xml,%3Csvg%20xmlns%3D%27http%3A%2F%2Fwww.w3.org%2F2000%2Fsvg%27%20width%3D%27400%27%20height%3D%27300%27%20viewBox%3D%270%200%20400%20300%27%3E%3Crect%20width%3D%27400%27%20height%3D%27300%27%20fill-opacity%3D%220%22%2F%3E%3C%2Fsvg%3E\" data-srcset=\"https:\/\/www.bilsar.com\/wp-content\/uploads\/2021\/02\/head-banner-400X300-tech-mobile-200x150.jpg 200w, https:\/\/www.bilsar.com\/wp-content\/uploads\/2021\/02\/head-banner-400X300-tech-mobile.jpg 400w\" data-sizes=\"auto\" data-orig-sizes=\"(max-width: 640px) 100vw, 400px\" \/><\/span><\/div><\/div><\/div><\/div><\/div><div class=\"fusion-fullwidth fullwidth-box fusion-builder-row-4 fusion-flex-container nonhundred-percent-fullwidth non-hundred-percent-height-scrolling\" style=\"--awb-border-radius-top-left:0px;--awb-border-radius-top-right:0px;--awb-border-radius-bottom-right:0px;--awb-border-radius-bottom-left:0px;--awb-flex-wrap:wrap;\" ><div class=\"fusion-builder-row fusion-row fusion-flex-align-items-flex-start fusion-flex-content-wrap\" style=\"max-width:104%;margin-left: calc(-4% \/ 2 );margin-right: calc(-4% \/ 2 );\"><div class=\"fusion-layout-column fusion_builder_column fusion-builder-column-5 fusion_builder_column_1_4 1_4 fusion-flex-column\" style=\"--awb-bg-size:cover;--awb-width-large:25%;--awb-margin-top-large:0px;--awb-spacing-right-large:7.68%;--awb-margin-bottom-large:20px;--awb-spacing-left-large:7.68%;--awb-width-medium:25%;--awb-order-medium:0;--awb-spacing-right-medium:7.68%;--awb-spacing-left-medium:7.68%;--awb-width-small:100%;--awb-order-small:0;--awb-spacing-right-small:1.92%;--awb-spacing-left-small:1.92%;\"><div class=\"fusion-column-wrapper fusion-column-has-shadow fusion-flex-justify-content-flex-start fusion-content-layout-column\"><\/div><\/div><div class=\"fusion-layout-column fusion_builder_column fusion-builder-column-6 fusion_builder_column_1_2 1_2 fusion-flex-column\" style=\"--awb-padding-right:15px;--awb-padding-left:15px;--awb-bg-size:cover;--awb-width-large:50%;--awb-margin-top-large:50px;--awb-spacing-right-large:3.84%;--awb-margin-bottom-large:50px;--awb-spacing-left-large:3.84%;--awb-width-medium:50%;--awb-order-medium:0;--awb-spacing-right-medium:3.84%;--awb-spacing-left-medium:3.84%;--awb-width-small:100%;--awb-order-small:0;--awb-spacing-right-small:1.92%;--awb-spacing-left-small:1.92%;\"><div class=\"fusion-column-wrapper fusion-column-has-shadow fusion-flex-justify-content-flex-start fusion-content-layout-column\"><div class=\"fusion-text fusion-text-4 fusion-no-small-visibility\" style=\"--awb-font-size:40px;--awb-text-color:#000000;--awb-text-font-family:&quot;Montserrat&quot;;--awb-text-font-style:normal;--awb-text-font-weight:400;\"><p class=\"divcenter bottommargin-sm regular h2-title mobil-title-margin\" style=\"text-align: center;\"><strong>3D MODELLEME<\/strong><\/p>\n<\/div><div class=\"fusion-text fusion-text-5 fusion-no-medium-visibility fusion-no-large-visibility\" style=\"--awb-font-size:25px;--awb-text-color:#000000;--awb-text-font-family:&quot;Montserrat&quot;;--awb-text-font-style:normal;--awb-text-font-weight:400;\"><p class=\"divcenter bottommargin-sm regular h2-title mobil-title-margin\" style=\"text-align: center;\"><strong>3D MODELLEME<\/strong><\/p>\n<\/div><div class=\"fusion-text fusion-text-6\" style=\"--awb-content-alignment:center;--awb-font-size:15px;--awb-text-color:#000000;--awb-text-font-family:&quot;Montserrat&quot;;--awb-text-font-style:normal;--awb-text-font-weight:400;\"><p>Bilsar, d\u00fcnyan\u0131n \u00f6nde gelen haz\u0131r giyim ve tekstil firmalar\u0131 taraf\u0131ndan kullan\u0131lmaya ba\u015flanan ve moda d\u00fcnyas\u0131na yeni bir y\u00f6n veren CLO 3D Moda Tasar\u0131m yaz\u0131l\u0131m\u0131 ile tasar\u0131m, kuma\u015f se\u00e7imi, numune, planlama, \u00fcretim ve zaman y\u00f6netimi gibi s\u00fcre\u00e7lerine yeni bir boyut eklemektedir.<\/p>\n<p>Tekstil ve haz\u0131r giyim sekt\u00f6r\u00fcnde \u00f6zellikle numune s\u00fcrecinin yaratt\u0131\u011f\u0131 i\u015f\u00e7ilik, zaman kayb\u0131, ileti\u015fim trafi\u011fi, \u00e7evreye verdi\u011fi zarar, kuma\u015f israf\u0131 ve ekstra maliyet gibi \u00f6\u011feleri minimize etti\u011fi bu s\u00fcre\u00e7te, CLO 3D yaz\u0131l\u0131m\u0131 sayesinde s\u00fcrd\u00fcr\u00fclebilirlik s\u00fcre\u00e7lerine de art\u0131 bir de\u011fer katmaktad\u0131r.<\/p>\n<p>B\u00f6ylece as\u0131l odak noktas\u0131 olan g\u00f6mle\u011fe daha fazla kafa yormakta, minimum zaman ve maliyetle m\u00fc\u015fterilerinin ihtiya\u00e7lar\u0131 do\u011frultusunda en do\u011fru g\u00f6mlek modellerini sunabilmektedir.<\/p>\n<\/div><\/div><\/div><div class=\"fusion-layout-column fusion_builder_column fusion-builder-column-7 fusion_builder_column_1_4 1_4 fusion-flex-column\" style=\"--awb-bg-size:cover;--awb-width-large:25%;--awb-margin-top-large:0px;--awb-spacing-right-large:7.68%;--awb-margin-bottom-large:20px;--awb-spacing-left-large:7.68%;--awb-width-medium:25%;--awb-order-medium:0;--awb-spacing-right-medium:7.68%;--awb-spacing-left-medium:7.68%;--awb-width-small:100%;--awb-order-small:0;--awb-spacing-right-small:1.92%;--awb-spacing-left-small:1.92%;\"><div class=\"fusion-column-wrapper fusion-column-has-shadow fusion-flex-justify-content-flex-start fusion-content-layout-column\"><\/div><\/div><\/div><\/div><\/p>\n","protected":false},"excerpt":{"rendered":"","protected":false},"author":1,"featured_media":0,"parent":0,"menu_order":0,"comment_status":"closed","ping_status":"closed","template":"","meta":{"footnotes":""},"class_list":["post-570","page","type-page","status-publish","hentry"],"yoast_head":"<!-- This site is optimized with the Yoast SEO Premium plugin v26.9 (Yoast SEO v26.9) - https:\/\/yoast.com\/product\/yoast-seo-premium-wordpress\/ -->\n<title>Tasarim - Bilsar<\/title>\n<meta name=\"description\" content=\"\u00d6zg\u00fcn, yarat\u0131c\u0131 ve yenilik\u00e7i yakla\u015f\u0131m\u0131yla sekt\u00f6rde dikkat \u00e7eken Bilsar, t\u00fcm departmanlar\u0131nda oldu\u011fu gibi tasar\u0131m ve \u00fcr\u00fcn geli\u015ftirme departman\u0131nda da dinamik ve \u00e7ok y\u00f6nl\u00fc yap\u0131s\u0131n\u0131 devam ettirmektedir. Bilsar tasar\u0131m ve \u00fcr\u00fcn geli\u015ftirme departman\u0131, ihracat, \u00fcretim, perakende ve marka y\u00f6netimi departmanlar\u0131 ile senkronize bir bi\u00e7imde \u00e7al\u0131\u015fmaktad\u0131r.\" \/>\n<meta name=\"robots\" content=\"index, follow, max-snippet:-1, max-image-preview:large, max-video-preview:-1\" \/>\n<link rel=\"canonical\" href=\"https:\/\/www.bilsar.com\/tr\/tasarim\/\" \/>\n<meta property=\"og:locale\" content=\"tr_TR\" \/>\n<meta property=\"og:type\" content=\"article\" \/>\n<meta property=\"og:title\" content=\"Tasarim\" \/>\n<meta property=\"og:description\" content=\"\u00d6zg\u00fcn, yarat\u0131c\u0131 ve yenilik\u00e7i yakla\u015f\u0131m\u0131yla sekt\u00f6rde dikkat \u00e7eken Bilsar, t\u00fcm departmanlar\u0131nda oldu\u011fu gibi tasar\u0131m ve \u00fcr\u00fcn geli\u015ftirme departman\u0131nda da dinamik ve \u00e7ok y\u00f6nl\u00fc yap\u0131s\u0131n\u0131 devam ettirmektedir. Bilsar tasar\u0131m ve \u00fcr\u00fcn geli\u015ftirme departman\u0131, ihracat, \u00fcretim, perakende ve marka y\u00f6netimi departmanlar\u0131 ile senkronize bir bi\u00e7imde \u00e7al\u0131\u015fmaktad\u0131r.\" \/>\n<meta property=\"og:url\" content=\"https:\/\/www.bilsar.com\/tr\/tasarim\/\" \/>\n<meta property=\"og:site_name\" content=\"Bilsar\" \/>\n<meta property=\"article:publisher\" content=\"https:\/\/www.facebook.com\/BilsarAs\/\" \/>\n<meta property=\"article:modified_time\" content=\"2022-01-13T13:32:55+00:00\" \/>\n<meta name=\"twitter:card\" content=\"summary_large_image\" \/>\n<meta name=\"twitter:label1\" content=\"Tahmini okuma s\u00fcresi\" \/>\n\t<meta name=\"twitter:data1\" content=\"20 dakika\" \/>\n<script type=\"application\/ld+json\" class=\"yoast-schema-graph\">{\"@context\":\"https:\/\/schema.org\",\"@graph\":[{\"@type\":\"WebPage\",\"@id\":\"https:\/\/www.bilsar.com\/tr\/tasarim\/\",\"url\":\"https:\/\/www.bilsar.com\/tr\/tasarim\/\",\"name\":\"Tasarim - Bilsar\",\"isPartOf\":{\"@id\":\"https:\/\/www.bilsar.com\/#website\"},\"datePublished\":\"2021-02-10T15:44:09+00:00\",\"dateModified\":\"2022-01-13T13:32:55+00:00\",\"description\":\"\u00d6zg\u00fcn, yarat\u0131c\u0131 ve yenilik\u00e7i yakla\u015f\u0131m\u0131yla sekt\u00f6rde dikkat \u00e7eken Bilsar, t\u00fcm departmanlar\u0131nda oldu\u011fu gibi tasar\u0131m ve \u00fcr\u00fcn geli\u015ftirme departman\u0131nda da dinamik ve \u00e7ok y\u00f6nl\u00fc yap\u0131s\u0131n\u0131 devam ettirmektedir. Bilsar tasar\u0131m ve \u00fcr\u00fcn geli\u015ftirme departman\u0131, ihracat, \u00fcretim, perakende ve marka y\u00f6netimi departmanlar\u0131 ile senkronize bir bi\u00e7imde \u00e7al\u0131\u015fmaktad\u0131r.\",\"breadcrumb\":{\"@id\":\"https:\/\/www.bilsar.com\/tr\/tasarim\/#breadcrumb\"},\"inLanguage\":\"tr\",\"potentialAction\":[{\"@type\":\"ReadAction\",\"target\":[\"https:\/\/www.bilsar.com\/tr\/tasarim\/\"]}]},{\"@type\":\"BreadcrumbList\",\"@id\":\"https:\/\/www.bilsar.com\/tr\/tasarim\/#breadcrumb\",\"itemListElement\":[{\"@type\":\"ListItem\",\"position\":1,\"name\":\"Home\",\"item\":\"https:\/\/www.bilsar.com\/tr\/\"},{\"@type\":\"ListItem\",\"position\":2,\"name\":\"Tasarim\"}]},{\"@type\":\"WebSite\",\"@id\":\"https:\/\/www.bilsar.com\/#website\",\"url\":\"https:\/\/www.bilsar.com\/\",\"name\":\"Bilsar\",\"description\":\"\",\"publisher\":{\"@id\":\"https:\/\/www.bilsar.com\/#organization\"},\"potentialAction\":[{\"@type\":\"SearchAction\",\"target\":{\"@type\":\"EntryPoint\",\"urlTemplate\":\"https:\/\/www.bilsar.com\/?s={search_term_string}\"},\"query-input\":{\"@type\":\"PropertyValueSpecification\",\"valueRequired\":true,\"valueName\":\"search_term_string\"}}],\"inLanguage\":\"tr\"},{\"@type\":\"Organization\",\"@id\":\"https:\/\/www.bilsar.com\/#organization\",\"name\":\"Bilsar\",\"url\":\"https:\/\/www.bilsar.com\/\",\"logo\":{\"@type\":\"ImageObject\",\"inLanguage\":\"tr\",\"@id\":\"https:\/\/www.bilsar.com\/#\/schema\/logo\/image\/\",\"url\":\"https:\/\/www.bilsar.com\/wp-content\/uploads\/2024\/02\/dark_logo.svg\",\"contentUrl\":\"https:\/\/www.bilsar.com\/wp-content\/uploads\/2024\/02\/dark_logo.svg\",\"width\":419,\"height\":130,\"caption\":\"Bilsar\"},\"image\":{\"@id\":\"https:\/\/www.bilsar.com\/#\/schema\/logo\/image\/\"},\"sameAs\":[\"https:\/\/www.facebook.com\/BilsarAs\/\",\"https:\/\/www.linkedin.com\/company\/bilsar\"],\"description\":\"Established in 1947, Bilsar has become one of the dynamic, pioneering and innovative names of the fashion world today, with over 70 years of gratifying experience in the textile sector. Bilsar, as a leading manufacturer and exporter of Turkey, produces more than 3 million shirts annually.\",\"email\":\"info@bilsar.com\",\"telephone\":\"+902122459000\",\"legalName\":\"Bilsar A.S.\"}]}<\/script>\n<!-- \/ Yoast SEO Premium plugin. -->","yoast_head_json":{"title":"Tasarim - Bilsar","description":"\u00d6zg\u00fcn, yarat\u0131c\u0131 ve yenilik\u00e7i yakla\u015f\u0131m\u0131yla sekt\u00f6rde dikkat \u00e7eken Bilsar, t\u00fcm departmanlar\u0131nda oldu\u011fu gibi tasar\u0131m ve \u00fcr\u00fcn geli\u015ftirme departman\u0131nda da dinamik ve \u00e7ok y\u00f6nl\u00fc yap\u0131s\u0131n\u0131 devam ettirmektedir. Bilsar tasar\u0131m ve \u00fcr\u00fcn geli\u015ftirme departman\u0131, ihracat, \u00fcretim, perakende ve marka y\u00f6netimi departmanlar\u0131 ile senkronize bir bi\u00e7imde \u00e7al\u0131\u015fmaktad\u0131r.","robots":{"index":"index","follow":"follow","max-snippet":"max-snippet:-1","max-image-preview":"max-image-preview:large","max-video-preview":"max-video-preview:-1"},"canonical":"https:\/\/www.bilsar.com\/tr\/tasarim\/","og_locale":"tr_TR","og_type":"article","og_title":"Tasarim","og_description":"\u00d6zg\u00fcn, yarat\u0131c\u0131 ve yenilik\u00e7i yakla\u015f\u0131m\u0131yla sekt\u00f6rde dikkat \u00e7eken Bilsar, t\u00fcm departmanlar\u0131nda oldu\u011fu gibi tasar\u0131m ve \u00fcr\u00fcn geli\u015ftirme departman\u0131nda da dinamik ve \u00e7ok y\u00f6nl\u00fc yap\u0131s\u0131n\u0131 devam ettirmektedir. Bilsar tasar\u0131m ve \u00fcr\u00fcn geli\u015ftirme departman\u0131, ihracat, \u00fcretim, perakende ve marka y\u00f6netimi departmanlar\u0131 ile senkronize bir bi\u00e7imde \u00e7al\u0131\u015fmaktad\u0131r.","og_url":"https:\/\/www.bilsar.com\/tr\/tasarim\/","og_site_name":"Bilsar","article_publisher":"https:\/\/www.facebook.com\/BilsarAs\/","article_modified_time":"2022-01-13T13:32:55+00:00","twitter_card":"summary_large_image","twitter_misc":{"Tahmini okuma s\u00fcresi":"20 dakika"},"schema":{"@context":"https:\/\/schema.org","@graph":[{"@type":"WebPage","@id":"https:\/\/www.bilsar.com\/tr\/tasarim\/","url":"https:\/\/www.bilsar.com\/tr\/tasarim\/","name":"Tasarim - Bilsar","isPartOf":{"@id":"https:\/\/www.bilsar.com\/#website"},"datePublished":"2021-02-10T15:44:09+00:00","dateModified":"2022-01-13T13:32:55+00:00","description":"\u00d6zg\u00fcn, yarat\u0131c\u0131 ve yenilik\u00e7i yakla\u015f\u0131m\u0131yla sekt\u00f6rde dikkat \u00e7eken Bilsar, t\u00fcm departmanlar\u0131nda oldu\u011fu gibi tasar\u0131m ve \u00fcr\u00fcn geli\u015ftirme departman\u0131nda da dinamik ve \u00e7ok y\u00f6nl\u00fc yap\u0131s\u0131n\u0131 devam ettirmektedir. Bilsar tasar\u0131m ve \u00fcr\u00fcn geli\u015ftirme departman\u0131, ihracat, \u00fcretim, perakende ve marka y\u00f6netimi departmanlar\u0131 ile senkronize bir bi\u00e7imde \u00e7al\u0131\u015fmaktad\u0131r.","breadcrumb":{"@id":"https:\/\/www.bilsar.com\/tr\/tasarim\/#breadcrumb"},"inLanguage":"tr","potentialAction":[{"@type":"ReadAction","target":["https:\/\/www.bilsar.com\/tr\/tasarim\/"]}]},{"@type":"BreadcrumbList","@id":"https:\/\/www.bilsar.com\/tr\/tasarim\/#breadcrumb","itemListElement":[{"@type":"ListItem","position":1,"name":"Home","item":"https:\/\/www.bilsar.com\/tr\/"},{"@type":"ListItem","position":2,"name":"Tasarim"}]},{"@type":"WebSite","@id":"https:\/\/www.bilsar.com\/#website","url":"https:\/\/www.bilsar.com\/","name":"Bilsar","description":"","publisher":{"@id":"https:\/\/www.bilsar.com\/#organization"},"potentialAction":[{"@type":"SearchAction","target":{"@type":"EntryPoint","urlTemplate":"https:\/\/www.bilsar.com\/?s={search_term_string}"},"query-input":{"@type":"PropertyValueSpecification","valueRequired":true,"valueName":"search_term_string"}}],"inLanguage":"tr"},{"@type":"Organization","@id":"https:\/\/www.bilsar.com\/#organization","name":"Bilsar","url":"https:\/\/www.bilsar.com\/","logo":{"@type":"ImageObject","inLanguage":"tr","@id":"https:\/\/www.bilsar.com\/#\/schema\/logo\/image\/","url":"https:\/\/www.bilsar.com\/wp-content\/uploads\/2024\/02\/dark_logo.svg","contentUrl":"https:\/\/www.bilsar.com\/wp-content\/uploads\/2024\/02\/dark_logo.svg","width":419,"height":130,"caption":"Bilsar"},"image":{"@id":"https:\/\/www.bilsar.com\/#\/schema\/logo\/image\/"},"sameAs":["https:\/\/www.facebook.com\/BilsarAs\/","https:\/\/www.linkedin.com\/company\/bilsar"],"description":"Established in 1947, Bilsar has become one of the dynamic, pioneering and innovative names of the fashion world today, with over 70 years of gratifying experience in the textile sector. Bilsar, as a leading manufacturer and exporter of Turkey, produces more than 3 million shirts annually.","email":"info@bilsar.com","telephone":"+902122459000","legalName":"Bilsar A.S."}]}},"_links":{"self":[{"href":"https:\/\/www.bilsar.com\/tr\/wp-json\/wp\/v2\/pages\/570","targetHints":{"allow":["GET"]}}],"collection":[{"href":"https:\/\/www.bilsar.com\/tr\/wp-json\/wp\/v2\/pages"}],"about":[{"href":"https:\/\/www.bilsar.com\/tr\/wp-json\/wp\/v2\/types\/page"}],"author":[{"embeddable":true,"href":"https:\/\/www.bilsar.com\/tr\/wp-json\/wp\/v2\/users\/1"}],"replies":[{"embeddable":true,"href":"https:\/\/www.bilsar.com\/tr\/wp-json\/wp\/v2\/comments?post=570"}],"version-history":[{"count":7,"href":"https:\/\/www.bilsar.com\/tr\/wp-json\/wp\/v2\/pages\/570\/revisions"}],"predecessor-version":[{"id":654,"href":"https:\/\/www.bilsar.com\/tr\/wp-json\/wp\/v2\/pages\/570\/revisions\/654"}],"wp:attachment":[{"href":"https:\/\/www.bilsar.com\/tr\/wp-json\/wp\/v2\/media?parent=570"}],"curies":[{"name":"wp","href":"https:\/\/api.w.org\/{rel}","templated":true}]}}