{"id":573,"date":"2021-02-10T18:45:06","date_gmt":"2021-02-10T15:45:06","guid":{"rendered":"http:\/\/bilsar.com\/production\/"},"modified":"2022-01-13T16:31:24","modified_gmt":"2022-01-13T13:31:24","slug":"uretim","status":"publish","type":"page","link":"https:\/\/www.bilsar.com\/tr\/uretim\/","title":{"rendered":"\u00dcretim"},"content":{"rendered":"<p><div class=\"fusion-fullwidth fullwidth-box fusion-builder-row-1 fusion-flex-container nonhundred-percent-fullwidth non-hundred-percent-height-scrolling\" style=\"--awb-border-radius-top-left:0px;--awb-border-radius-top-right:0px;--awb-border-radius-bottom-right:0px;--awb-border-radius-bottom-left:0px;--awb-flex-wrap:wrap;\" ><div class=\"fusion-builder-row fusion-row fusion-flex-align-items-flex-start fusion-flex-content-wrap\" style=\"max-width:104%;margin-left: calc(-4% \/ 2 );margin-right: calc(-4% \/ 2 );\"><div class=\"fusion-layout-column fusion_builder_column fusion-builder-column-0 fusion_builder_column_1_4 1_4 fusion-flex-column\" style=\"--awb-bg-size:cover;--awb-width-large:25%;--awb-margin-top-large:0px;--awb-spacing-right-large:7.68%;--awb-margin-bottom-large:20px;--awb-spacing-left-large:7.68%;--awb-width-medium:25%;--awb-order-medium:0;--awb-spacing-right-medium:7.68%;--awb-spacing-left-medium:7.68%;--awb-width-small:100%;--awb-order-small:0;--awb-spacing-right-small:1.92%;--awb-spacing-left-small:1.92%;\"><div class=\"fusion-column-wrapper fusion-column-has-shadow fusion-flex-justify-content-flex-start fusion-content-layout-column\"><\/div><\/div><div class=\"fusion-layout-column fusion_builder_column fusion-builder-column-1 fusion_builder_column_1_2 1_2 fusion-flex-column\" style=\"--awb-padding-right:15px;--awb-padding-left:15px;--awb-bg-size:cover;--awb-width-large:50%;--awb-margin-top-large:50px;--awb-spacing-right-large:3.84%;--awb-margin-bottom-large:50px;--awb-spacing-left-large:3.84%;--awb-width-medium:50%;--awb-order-medium:0;--awb-spacing-right-medium:3.84%;--awb-spacing-left-medium:3.84%;--awb-width-small:100%;--awb-order-small:0;--awb-spacing-right-small:1.92%;--awb-spacing-left-small:1.92%;\"><div class=\"fusion-column-wrapper fusion-column-has-shadow fusion-flex-justify-content-flex-start fusion-content-layout-column\"><div class=\"fusion-text fusion-text-1 fusion-no-small-visibility\" style=\"--awb-font-size:40px;--awb-text-color:#000000;--awb-text-font-family:&quot;Montserrat&quot;;--awb-text-font-style:normal;--awb-text-font-weight:400;\"><p class=\"divcenter bottommargin-sm regular h2-title mobil-title-margin\" style=\"text-align: center;\"><strong>T\u00dcRK\u0130YE&#8217;N\u0130N TEK \u00c7ATI ALTINDA G\u00d6MLEK \u00dcRETEN EN B\u00dcY\u00dcK TES\u0130S\u0130<\/strong><\/p>\n<\/div><div class=\"fusion-text fusion-text-2 fusion-no-medium-visibility fusion-no-large-visibility\" style=\"--awb-font-size:25px;--awb-text-color:#000000;--awb-text-font-family:&quot;Montserrat&quot;;--awb-text-font-style:normal;--awb-text-font-weight:400;\"><p class=\"divcenter bottommargin-sm regular h2-title mobil-title-margin\" style=\"text-align: center;\"><strong>T\u00dcRK\u0130YE&#8217;N\u0130N TEK \u00c7ATI ALTINDA G\u00d6MLEK \u00dcRETEN EN B\u00dcY\u00dcK TES\u0130S\u0130<\/strong><\/p>\n<\/div><div class=\"fusion-text fusion-text-3\" style=\"--awb-content-alignment:center;--awb-font-size:15px;--awb-text-color:#000000;--awb-text-font-family:&quot;Montserrat&quot;;--awb-text-font-style:normal;--awb-text-font-weight:400;\"><p>Bilsar, \u00fcretimini \u00c7orum Organize Sanayi B\u00f6lgesi\u2019ndeki 15.000\u2019i kapal\u0131 olmak \u00fczere toplam 40.000 metrekare alanda kurulu tesislerinde ger\u00e7ekle\u015ftirmektedir.<\/p>\n<p>G\u00fcn\u00fcm\u00fcz teknolojik geli\u015fmelerine g\u00f6re \u00fcretim park\u0131n\u0131 s\u00fcrekli g\u00fcncelleyen Bilsar, teknolojinin g\u00fcc\u00fcn\u00fc deneyimli ekibinin yarat\u0131c\u0131 bak\u0131\u015f a\u00e7\u0131s\u0131 ve usta el i\u015f\u00e7ili\u011fi ile harmanlamaktad\u0131r.<\/p>\n<p>\u00c7orum ve \u0130stanbul&#8217;daki ofislerinde 1.000&#8217;den fazla ki\u015fiyi istihdam eden Bilsar, T\u00fcrkiye&#8217;nin en b\u00fcy\u00fck ihracat ve sanayi kurulu\u015flar\u0131ndand\u0131r ve &#8221;T\u00fcrkiye&#8217;nin tek \u00e7at\u0131 alt\u0131nda g\u00f6mlek \u00fcreten en b\u00fcy\u00fck tesisi&#8221; olma gururunu ta\u015f\u0131maktad\u0131r.<\/p>\n<p>S\u00fcrd\u00fcr\u00fclebilirli\u011fin \u00f6neminin ve yaratabilece\u011fi de\u011fi\u015fimin fark\u0131nda olan Bilsar, bu bilin\u00e7le her g\u00fcn s\u00fcrd\u00fcr\u00fclebilirlik ad\u0131na yeni ad\u0131mlar atmakta ve g\u00f6mleklerinin tamam\u0131n\u0131 GOTS (Global Organic Textile Standard), OCS (Organic Content Standard), BCI (Better Cotton Initiative), GRS (Global Recycled Standard) ve RCS (Recycled Claim Standard) sertifikal\u0131 fabrikas\u0131nda \u00fcretmektedir.<\/p>\n<p>Buna ek olarak Bilsar, tasar\u0131m, kuma\u015f se\u00e7imi, numune, planlama, \u00fcretim ve zaman y\u00f6netimi gibi s\u00fcre\u00e7lerini minimize etmek amac\u0131yla 3D moda tasar\u0131m yaz\u0131l\u0131m\u0131 CLO ile dijitalle\u015fen d\u00fcnyaya ayak uydurmaktad\u0131r.<\/p>\n<\/div><\/div><\/div><div class=\"fusion-layout-column fusion_builder_column fusion-builder-column-2 fusion_builder_column_1_4 1_4 fusion-flex-column\" style=\"--awb-bg-size:cover;--awb-width-large:25%;--awb-margin-top-large:0px;--awb-spacing-right-large:7.68%;--awb-margin-bottom-large:20px;--awb-spacing-left-large:7.68%;--awb-width-medium:25%;--awb-order-medium:0;--awb-spacing-right-medium:7.68%;--awb-spacing-left-medium:7.68%;--awb-width-small:100%;--awb-order-small:0;--awb-spacing-right-small:1.92%;--awb-spacing-left-small:1.92%;\"><div class=\"fusion-column-wrapper fusion-column-has-shadow fusion-flex-justify-content-flex-start fusion-content-layout-column\"><\/div><\/div><\/div><\/div><div class=\"fusion-fullwidth fullwidth-box fusion-builder-row-2 fusion-flex-container nonhundred-percent-fullwidth non-hundred-percent-height-scrolling\" style=\"--awb-border-radius-top-left:0px;--awb-border-radius-top-right:0px;--awb-border-radius-bottom-right:0px;--awb-border-radius-bottom-left:0px;--awb-flex-wrap:wrap;\" ><div class=\"fusion-builder-row fusion-row fusion-flex-align-items-flex-start fusion-flex-content-wrap\" style=\"max-width:104%;margin-left: calc(-4% \/ 2 );margin-right: calc(-4% \/ 2 );\"><div class=\"fusion-layout-column fusion_builder_column fusion-builder-column-3 fusion_builder_column_1_1 1_1 fusion-flex-column\" style=\"--awb-bg-size:cover;--awb-width-large:100%;--awb-margin-top-large:0px;--awb-spacing-right-large:1.92%;--awb-margin-bottom-large:20px;--awb-spacing-left-large:1.92%;--awb-width-medium:100%;--awb-order-medium:0;--awb-spacing-right-medium:1.92%;--awb-spacing-left-medium:1.92%;--awb-width-small:100%;--awb-order-small:0;--awb-spacing-right-small:1.92%;--awb-spacing-left-small:1.92%;\"><div class=\"fusion-column-wrapper fusion-column-has-shadow fusion-flex-justify-content-flex-start fusion-content-layout-column\"><div class=\"fusion-video fusion-selfhosted-video\" style=\"align-self:center;max-width:100%;\"><div class=\"video-wrapper\"><video playsinline=\"true\" width=\"100%\" style=\"object-fit: cover;\" autoplay=\"true\" muted=\"true\" loop=\"true\" preload=\"auto\"><source src=\"https:\/\/www.bilsar.com\/wp-content\/uploads\/2020\/11\/06_BILSAR_FINAL.mp4\" type=\"video\/mp4\">Sorry, your browser doesn&#039;t support embedded videos.<\/video><\/div><\/div><\/div><\/div><\/div><\/div><\/p>\n","protected":false},"excerpt":{"rendered":"","protected":false},"author":1,"featured_media":0,"parent":0,"menu_order":0,"comment_status":"closed","ping_status":"closed","template":"","meta":{"footnotes":""},"class_list":["post-573","page","type-page","status-publish","hentry"],"yoast_head":"<!-- This site is optimized with the Yoast SEO Premium plugin v26.9 (Yoast SEO v26.9) - https:\/\/yoast.com\/product\/yoast-seo-premium-wordpress\/ -->\n<title>\u00dcretim - Bilsar<\/title>\n<meta name=\"description\" content=\"Bilsar, \u00fcretimini \u00c7orum Organize Sanayi B\u00f6lgesi\u2019ndeki 15.000\u2019i kapal\u0131 olmak \u00fczere toplam 40.000 metrekare alanda kurulu tesislerinde ger\u00e7ekle\u015ftirmektedir. G\u00fcn\u00fcm\u00fcz teknolojik geli\u015fmelerine g\u00f6re \u00fcretim park\u0131n\u0131 s\u00fcrekli g\u00fcncelleyen Bilsar, teknolojinin g\u00fcc\u00fcn\u00fc deneyimli ekibinin yarat\u0131c\u0131 bak\u0131\u015f a\u00e7\u0131s\u0131 ve usta el i\u015f\u00e7ili\u011fi ile harmanlamaktad\u0131r.\" \/>\n<meta name=\"robots\" content=\"index, follow, max-snippet:-1, max-image-preview:large, max-video-preview:-1\" \/>\n<link rel=\"canonical\" href=\"https:\/\/www.bilsar.com\/tr\/uretim\/\" \/>\n<meta property=\"og:locale\" content=\"tr_TR\" \/>\n<meta property=\"og:type\" content=\"article\" \/>\n<meta property=\"og:title\" content=\"\u00dcretim\" \/>\n<meta property=\"og:description\" content=\"Bilsar, \u00fcretimini \u00c7orum Organize Sanayi B\u00f6lgesi\u2019ndeki 15.000\u2019i kapal\u0131 olmak \u00fczere toplam 40.000 metrekare alanda kurulu tesislerinde ger\u00e7ekle\u015ftirmektedir. G\u00fcn\u00fcm\u00fcz teknolojik geli\u015fmelerine g\u00f6re \u00fcretim park\u0131n\u0131 s\u00fcrekli g\u00fcncelleyen Bilsar, teknolojinin g\u00fcc\u00fcn\u00fc deneyimli ekibinin yarat\u0131c\u0131 bak\u0131\u015f a\u00e7\u0131s\u0131 ve usta el i\u015f\u00e7ili\u011fi ile harmanlamaktad\u0131r.\" \/>\n<meta property=\"og:url\" content=\"https:\/\/www.bilsar.com\/tr\/uretim\/\" \/>\n<meta property=\"og:site_name\" content=\"Bilsar\" \/>\n<meta property=\"article:publisher\" content=\"https:\/\/www.facebook.com\/BilsarAs\/\" \/>\n<meta property=\"article:modified_time\" content=\"2022-01-13T13:31:24+00:00\" \/>\n<meta name=\"twitter:card\" content=\"summary_large_image\" \/>\n<meta name=\"twitter:label1\" content=\"Tahmini okuma s\u00fcresi\" \/>\n\t<meta name=\"twitter:data1\" content=\"9 dakika\" \/>\n<script type=\"application\/ld+json\" class=\"yoast-schema-graph\">{\"@context\":\"https:\/\/schema.org\",\"@graph\":[{\"@type\":\"WebPage\",\"@id\":\"https:\/\/www.bilsar.com\/tr\/uretim\/\",\"url\":\"https:\/\/www.bilsar.com\/tr\/uretim\/\",\"name\":\"\u00dcretim - Bilsar\",\"isPartOf\":{\"@id\":\"https:\/\/www.bilsar.com\/#website\"},\"datePublished\":\"2021-02-10T15:45:06+00:00\",\"dateModified\":\"2022-01-13T13:31:24+00:00\",\"description\":\"Bilsar, \u00fcretimini \u00c7orum Organize Sanayi B\u00f6lgesi\u2019ndeki 15.000\u2019i kapal\u0131 olmak \u00fczere toplam 40.000 metrekare alanda kurulu tesislerinde ger\u00e7ekle\u015ftirmektedir. G\u00fcn\u00fcm\u00fcz teknolojik geli\u015fmelerine g\u00f6re \u00fcretim park\u0131n\u0131 s\u00fcrekli g\u00fcncelleyen Bilsar, teknolojinin g\u00fcc\u00fcn\u00fc deneyimli ekibinin yarat\u0131c\u0131 bak\u0131\u015f a\u00e7\u0131s\u0131 ve usta el i\u015f\u00e7ili\u011fi ile harmanlamaktad\u0131r.\",\"breadcrumb\":{\"@id\":\"https:\/\/www.bilsar.com\/tr\/uretim\/#breadcrumb\"},\"inLanguage\":\"tr\",\"potentialAction\":[{\"@type\":\"ReadAction\",\"target\":[\"https:\/\/www.bilsar.com\/tr\/uretim\/\"]}]},{\"@type\":\"BreadcrumbList\",\"@id\":\"https:\/\/www.bilsar.com\/tr\/uretim\/#breadcrumb\",\"itemListElement\":[{\"@type\":\"ListItem\",\"position\":1,\"name\":\"Home\",\"item\":\"https:\/\/www.bilsar.com\/tr\/\"},{\"@type\":\"ListItem\",\"position\":2,\"name\":\"\u00dcretim\"}]},{\"@type\":\"WebSite\",\"@id\":\"https:\/\/www.bilsar.com\/#website\",\"url\":\"https:\/\/www.bilsar.com\/\",\"name\":\"Bilsar\",\"description\":\"\",\"publisher\":{\"@id\":\"https:\/\/www.bilsar.com\/#organization\"},\"potentialAction\":[{\"@type\":\"SearchAction\",\"target\":{\"@type\":\"EntryPoint\",\"urlTemplate\":\"https:\/\/www.bilsar.com\/?s={search_term_string}\"},\"query-input\":{\"@type\":\"PropertyValueSpecification\",\"valueRequired\":true,\"valueName\":\"search_term_string\"}}],\"inLanguage\":\"tr\"},{\"@type\":\"Organization\",\"@id\":\"https:\/\/www.bilsar.com\/#organization\",\"name\":\"Bilsar\",\"url\":\"https:\/\/www.bilsar.com\/\",\"logo\":{\"@type\":\"ImageObject\",\"inLanguage\":\"tr\",\"@id\":\"https:\/\/www.bilsar.com\/#\/schema\/logo\/image\/\",\"url\":\"https:\/\/www.bilsar.com\/wp-content\/uploads\/2024\/02\/dark_logo.svg\",\"contentUrl\":\"https:\/\/www.bilsar.com\/wp-content\/uploads\/2024\/02\/dark_logo.svg\",\"width\":419,\"height\":130,\"caption\":\"Bilsar\"},\"image\":{\"@id\":\"https:\/\/www.bilsar.com\/#\/schema\/logo\/image\/\"},\"sameAs\":[\"https:\/\/www.facebook.com\/BilsarAs\/\",\"https:\/\/www.linkedin.com\/company\/bilsar\"],\"description\":\"Established in 1947, Bilsar has become one of the dynamic, pioneering and innovative names of the fashion world today, with over 70 years of gratifying experience in the textile sector. Bilsar, as a leading manufacturer and exporter of Turkey, produces more than 3 million shirts annually.\",\"email\":\"info@bilsar.com\",\"telephone\":\"+902122459000\",\"legalName\":\"Bilsar A.S.\"}]}<\/script>\n<!-- \/ Yoast SEO Premium plugin. -->","yoast_head_json":{"title":"\u00dcretim - Bilsar","description":"Bilsar, \u00fcretimini \u00c7orum Organize Sanayi B\u00f6lgesi\u2019ndeki 15.000\u2019i kapal\u0131 olmak \u00fczere toplam 40.000 metrekare alanda kurulu tesislerinde ger\u00e7ekle\u015ftirmektedir. G\u00fcn\u00fcm\u00fcz teknolojik geli\u015fmelerine g\u00f6re \u00fcretim park\u0131n\u0131 s\u00fcrekli g\u00fcncelleyen Bilsar, teknolojinin g\u00fcc\u00fcn\u00fc deneyimli ekibinin yarat\u0131c\u0131 bak\u0131\u015f a\u00e7\u0131s\u0131 ve usta el i\u015f\u00e7ili\u011fi ile harmanlamaktad\u0131r.","robots":{"index":"index","follow":"follow","max-snippet":"max-snippet:-1","max-image-preview":"max-image-preview:large","max-video-preview":"max-video-preview:-1"},"canonical":"https:\/\/www.bilsar.com\/tr\/uretim\/","og_locale":"tr_TR","og_type":"article","og_title":"\u00dcretim","og_description":"Bilsar, \u00fcretimini \u00c7orum Organize Sanayi B\u00f6lgesi\u2019ndeki 15.000\u2019i kapal\u0131 olmak \u00fczere toplam 40.000 metrekare alanda kurulu tesislerinde ger\u00e7ekle\u015ftirmektedir. G\u00fcn\u00fcm\u00fcz teknolojik geli\u015fmelerine g\u00f6re \u00fcretim park\u0131n\u0131 s\u00fcrekli g\u00fcncelleyen Bilsar, teknolojinin g\u00fcc\u00fcn\u00fc deneyimli ekibinin yarat\u0131c\u0131 bak\u0131\u015f a\u00e7\u0131s\u0131 ve usta el i\u015f\u00e7ili\u011fi ile harmanlamaktad\u0131r.","og_url":"https:\/\/www.bilsar.com\/tr\/uretim\/","og_site_name":"Bilsar","article_publisher":"https:\/\/www.facebook.com\/BilsarAs\/","article_modified_time":"2022-01-13T13:31:24+00:00","twitter_card":"summary_large_image","twitter_misc":{"Tahmini okuma s\u00fcresi":"9 dakika"},"schema":{"@context":"https:\/\/schema.org","@graph":[{"@type":"WebPage","@id":"https:\/\/www.bilsar.com\/tr\/uretim\/","url":"https:\/\/www.bilsar.com\/tr\/uretim\/","name":"\u00dcretim - Bilsar","isPartOf":{"@id":"https:\/\/www.bilsar.com\/#website"},"datePublished":"2021-02-10T15:45:06+00:00","dateModified":"2022-01-13T13:31:24+00:00","description":"Bilsar, \u00fcretimini \u00c7orum Organize Sanayi B\u00f6lgesi\u2019ndeki 15.000\u2019i kapal\u0131 olmak \u00fczere toplam 40.000 metrekare alanda kurulu tesislerinde ger\u00e7ekle\u015ftirmektedir. G\u00fcn\u00fcm\u00fcz teknolojik geli\u015fmelerine g\u00f6re \u00fcretim park\u0131n\u0131 s\u00fcrekli g\u00fcncelleyen Bilsar, teknolojinin g\u00fcc\u00fcn\u00fc deneyimli ekibinin yarat\u0131c\u0131 bak\u0131\u015f a\u00e7\u0131s\u0131 ve usta el i\u015f\u00e7ili\u011fi ile harmanlamaktad\u0131r.","breadcrumb":{"@id":"https:\/\/www.bilsar.com\/tr\/uretim\/#breadcrumb"},"inLanguage":"tr","potentialAction":[{"@type":"ReadAction","target":["https:\/\/www.bilsar.com\/tr\/uretim\/"]}]},{"@type":"BreadcrumbList","@id":"https:\/\/www.bilsar.com\/tr\/uretim\/#breadcrumb","itemListElement":[{"@type":"ListItem","position":1,"name":"Home","item":"https:\/\/www.bilsar.com\/tr\/"},{"@type":"ListItem","position":2,"name":"\u00dcretim"}]},{"@type":"WebSite","@id":"https:\/\/www.bilsar.com\/#website","url":"https:\/\/www.bilsar.com\/","name":"Bilsar","description":"","publisher":{"@id":"https:\/\/www.bilsar.com\/#organization"},"potentialAction":[{"@type":"SearchAction","target":{"@type":"EntryPoint","urlTemplate":"https:\/\/www.bilsar.com\/?s={search_term_string}"},"query-input":{"@type":"PropertyValueSpecification","valueRequired":true,"valueName":"search_term_string"}}],"inLanguage":"tr"},{"@type":"Organization","@id":"https:\/\/www.bilsar.com\/#organization","name":"Bilsar","url":"https:\/\/www.bilsar.com\/","logo":{"@type":"ImageObject","inLanguage":"tr","@id":"https:\/\/www.bilsar.com\/#\/schema\/logo\/image\/","url":"https:\/\/www.bilsar.com\/wp-content\/uploads\/2024\/02\/dark_logo.svg","contentUrl":"https:\/\/www.bilsar.com\/wp-content\/uploads\/2024\/02\/dark_logo.svg","width":419,"height":130,"caption":"Bilsar"},"image":{"@id":"https:\/\/www.bilsar.com\/#\/schema\/logo\/image\/"},"sameAs":["https:\/\/www.facebook.com\/BilsarAs\/","https:\/\/www.linkedin.com\/company\/bilsar"],"description":"Established in 1947, Bilsar has become one of the dynamic, pioneering and innovative names of the fashion world today, with over 70 years of gratifying experience in the textile sector. Bilsar, as a leading manufacturer and exporter of Turkey, produces more than 3 million shirts annually.","email":"info@bilsar.com","telephone":"+902122459000","legalName":"Bilsar A.S."}]}},"_links":{"self":[{"href":"https:\/\/www.bilsar.com\/tr\/wp-json\/wp\/v2\/pages\/573","targetHints":{"allow":["GET"]}}],"collection":[{"href":"https:\/\/www.bilsar.com\/tr\/wp-json\/wp\/v2\/pages"}],"about":[{"href":"https:\/\/www.bilsar.com\/tr\/wp-json\/wp\/v2\/types\/page"}],"author":[{"embeddable":true,"href":"https:\/\/www.bilsar.com\/tr\/wp-json\/wp\/v2\/users\/1"}],"replies":[{"embeddable":true,"href":"https:\/\/www.bilsar.com\/tr\/wp-json\/wp\/v2\/comments?post=573"}],"version-history":[{"count":2,"href":"https:\/\/www.bilsar.com\/tr\/wp-json\/wp\/v2\/pages\/573\/revisions"}],"predecessor-version":[{"id":633,"href":"https:\/\/www.bilsar.com\/tr\/wp-json\/wp\/v2\/pages\/573\/revisions\/633"}],"wp:attachment":[{"href":"https:\/\/www.bilsar.com\/tr\/wp-json\/wp\/v2\/media?parent=573"}],"curies":[{"name":"wp","href":"https:\/\/api.w.org\/{rel}","templated":true}]}}