{"id":661,"date":"2022-01-04T16:31:16","date_gmt":"2022-01-04T13:31:16","guid":{"rendered":"https:\/\/www.bilsar.com\/?page_id=661"},"modified":"2022-01-13T16:59:22","modified_gmt":"2022-01-13T13:59:22","slug":"sikayet","status":"publish","type":"page","link":"https:\/\/www.bilsar.com\/tr\/sikayet\/","title":{"rendered":"Sikayet"},"content":{"rendered":"<div class=\"fusion-fullwidth fullwidth-box fusion-builder-row-1 fusion-flex-container nonhundred-percent-fullwidth non-hundred-percent-height-scrolling\" style=\"--awb-border-radius-top-left:0px;--awb-border-radius-top-right:0px;--awb-border-radius-bottom-right:0px;--awb-border-radius-bottom-left:0px;--awb-flex-wrap:wrap;\" ><div class=\"fusion-builder-row fusion-row fusion-flex-align-items-flex-start fusion-flex-content-wrap\" style=\"max-width:104%;margin-left: calc(-4% \/ 2 );margin-right: calc(-4% \/ 2 );\"><div class=\"fusion-layout-column fusion_builder_column fusion-builder-column-0 fusion_builder_column_1_4 1_4 fusion-flex-column\" style=\"--awb-bg-size:cover;--awb-width-large:25%;--awb-margin-top-large:0px;--awb-spacing-right-large:7.68%;--awb-margin-bottom-large:20px;--awb-spacing-left-large:7.68%;--awb-width-medium:25%;--awb-order-medium:0;--awb-spacing-right-medium:7.68%;--awb-spacing-left-medium:7.68%;--awb-width-small:100%;--awb-order-small:0;--awb-spacing-right-small:1.92%;--awb-spacing-left-small:1.92%;\"><div class=\"fusion-column-wrapper fusion-column-has-shadow fusion-flex-justify-content-flex-start fusion-content-layout-column\"><\/div><\/div><div class=\"fusion-layout-column fusion_builder_column fusion-builder-column-1 fusion_builder_column_1_2 1_2 fusion-flex-column\" style=\"--awb-padding-right:15px;--awb-padding-left:15px;--awb-bg-size:cover;--awb-width-large:50%;--awb-margin-top-large:50px;--awb-spacing-right-large:3.84%;--awb-margin-bottom-large:50px;--awb-spacing-left-large:3.84%;--awb-width-medium:50%;--awb-order-medium:0;--awb-spacing-right-medium:3.84%;--awb-spacing-left-medium:3.84%;--awb-width-small:100%;--awb-order-small:0;--awb-spacing-right-small:1.92%;--awb-spacing-left-small:1.92%;\"><div class=\"fusion-column-wrapper fusion-column-has-shadow fusion-flex-justify-content-flex-start fusion-content-layout-column\"><div class=\"fusion-form fusion-form-builder fusion-form-form-wrapper fusion-form-659\" style=\"--awb-tooltip-text-color:#ffffff;--awb-tooltip-background-color:#333333;--awb-form-placeholder-color:rgba(122,121,121,0.5);--awb-form-text-color:#7a7979;--awb-form-focus-border-color:#000000;--awb-form-focus-border-hover-color:rgba(0,0,0,0.5);\" data-form-id=\"659\" data-config=\"{&quot;form_id&quot;:659,&quot;form_post_id&quot;:659,&quot;post_id&quot;:661,&quot;form_type&quot;:&quot;ajax&quot;,&quot;confirmation_type&quot;:&quot;message&quot;,&quot;redirect_url&quot;:&quot;&quot;,&quot;redirect_timeout&quot;:&quot;0&quot;,&quot;field_labels&quot;:{&quot;first_name&quot;:&quot;\\u0130sim&quot;,&quot;last_name&quot;:&quot;Soyisim&quot;,&quot;email_address&quot;:&quot;E-Posta Adresi&quot;,&quot;phone_number&quot;:&quot;Telefon Numaras\\u0131&quot;,&quot;complaint_subject&quot;:&quot;\\u015eikayet Konusu&quot;,&quot;complaint_message&quot;:&quot;\\u015eikayet Mesaj\\u0131&quot;},&quot;field_logics&quot;:{&quot;first_name&quot;:&quot;&quot;,&quot;last_name&quot;:&quot;&quot;,&quot;email_address&quot;:&quot;&quot;,&quot;phone_number&quot;:&quot;&quot;,&quot;complaint_subject&quot;:&quot;&quot;,&quot;complaint_message&quot;:&quot;&quot;,&quot;notice_1&quot;:&quot;&quot;,&quot;submit_1&quot;:&quot;&quot;},&quot;field_types&quot;:{&quot;first_name&quot;:&quot;text&quot;,&quot;last_name&quot;:&quot;text&quot;,&quot;email_address&quot;:&quot;email&quot;,&quot;phone_number&quot;:&quot;phone_number&quot;,&quot;complaint_subject&quot;:&quot;text&quot;,&quot;complaint_message&quot;:&quot;textarea&quot;,&quot;notice_1&quot;:&quot;notice&quot;,&quot;submit_1&quot;:&quot;submit&quot;},&quot;nonce_method&quot;:&quot;ajax&quot;,&quot;form_views&quot;:&quot;ajax&quot;,&quot;form_views_counting&quot;:&quot;all&quot;}\"><form action=\"https:\/\/www.bilsar.com\/tr\/sikayet\/\" method=\"post\" class=\"fusion-form fusion-form-659\"><div class=\"fusion-fullwidth fullwidth-box fusion-builder-row-1-1 fusion-flex-container nonhundred-percent-fullwidth non-hundred-percent-height-scrolling\" style=\"--awb-border-radius-top-left:0px;--awb-border-radius-top-right:0px;--awb-border-radius-bottom-right:0px;--awb-border-radius-bottom-left:0px;--awb-flex-wrap:wrap;\" ><div class=\"fusion-builder-row fusion-row fusion-flex-align-items-flex-start fusion-flex-content-wrap\" style=\"width:104% !important;max-width:104% !important;margin-left: calc(-4% \/ 2 );margin-right: calc(-4% \/ 2 );\"><div class=\"fusion-layout-column fusion_builder_column fusion-builder-column-2 fusion_builder_column_1_2 1_2 fusion-flex-column\" style=\"--awb-bg-size:cover;--awb-width-large:50%;--awb-flex-grow:0;--awb-flex-shrink:0;--awb-margin-top-large:0px;--awb-spacing-right-large:3.84%;--awb-margin-bottom-large:0px;--awb-spacing-left-large:3.84%;--awb-width-medium:50%;--awb-order-medium:0;--awb-flex-grow-medium:0;--awb-flex-shrink-medium:0;--awb-spacing-right-medium:3.84%;--awb-spacing-left-medium:3.84%;--awb-width-small:100%;--awb-order-small:0;--awb-flex-grow-small:0;--awb-flex-shrink-small:0;--awb-spacing-right-small:1.92%;--awb-spacing-left-small:1.92%;\"><div class=\"fusion-column-wrapper fusion-column-has-shadow fusion-flex-justify-content-flex-start fusion-content-layout-column\"><div class=\"fusion-form-field fusion-form-text-field fusion-form-label-above\" style=\"\" data-form-id=\"659\"><div class=\"fusion-form-label-wrapper\"><label for=\"first_name\">\u0130sim <abbr class=\"fusion-form-element-required\" title=\"required\">*<\/abbr><\/label><\/div><input type=\"text\" autocomplete=\"off\" name=\"first_name\" id=\"first_name\" value=\"\"  class=\"fusion-form-input\" required=\"true\" aria-required=\"true\" data-holds-private-data=\"false\" minlength=\"0\"\/><\/div><\/div><\/div><div class=\"fusion-layout-column fusion_builder_column fusion-builder-column-3 fusion_builder_column_1_2 1_2 fusion-flex-column\" style=\"--awb-bg-size:cover;--awb-width-large:50%;--awb-flex-grow:0;--awb-flex-shrink:0;--awb-margin-top-large:0px;--awb-spacing-right-large:3.84%;--awb-margin-bottom-large:0px;--awb-spacing-left-large:3.84%;--awb-width-medium:50%;--awb-order-medium:0;--awb-flex-grow-medium:0;--awb-flex-shrink-medium:0;--awb-spacing-right-medium:3.84%;--awb-spacing-left-medium:3.84%;--awb-width-small:100%;--awb-order-small:0;--awb-flex-grow-small:0;--awb-flex-shrink-small:0;--awb-spacing-right-small:1.92%;--awb-spacing-left-small:1.92%;\"><div class=\"fusion-column-wrapper fusion-column-has-shadow fusion-flex-justify-content-flex-start fusion-content-layout-column\"><div class=\"fusion-form-field fusion-form-text-field fusion-form-label-above\" style=\"\" data-form-id=\"659\"><div class=\"fusion-form-label-wrapper\"><label for=\"last_name\">Soyisim<\/label><\/div><input type=\"text\" autocomplete=\"off\" name=\"last_name\" id=\"last_name\" value=\"\"  class=\"fusion-form-input\" data-holds-private-data=\"false\" minlength=\"0\"\/><\/div><\/div><\/div><div class=\"fusion-layout-column fusion_builder_column fusion-builder-column-4 fusion_builder_column_1_2 1_2 fusion-flex-column\" style=\"--awb-bg-size:cover;--awb-width-large:50%;--awb-flex-grow:0;--awb-flex-shrink:0;--awb-margin-top-large:0px;--awb-spacing-right-large:3.84%;--awb-margin-bottom-large:0px;--awb-spacing-left-large:3.84%;--awb-width-medium:50%;--awb-order-medium:0;--awb-flex-grow-medium:0;--awb-flex-shrink-medium:0;--awb-spacing-right-medium:3.84%;--awb-spacing-left-medium:3.84%;--awb-width-small:100%;--awb-order-small:0;--awb-flex-grow-small:0;--awb-flex-shrink-small:0;--awb-spacing-right-small:1.92%;--awb-spacing-left-small:1.92%;\"><div class=\"fusion-column-wrapper fusion-column-has-shadow fusion-flex-justify-content-flex-start fusion-content-layout-column\"><div class=\"fusion-form-field fusion-form-email-field fusion-form-label-above\" style=\"\" data-form-id=\"659\"><div class=\"fusion-form-label-wrapper\"><label for=\"email_address\">E-Posta Adresi <abbr class=\"fusion-form-element-required\" title=\"required\">*<\/abbr><\/label><\/div><div class=\"fusion-form-input-with-icon\"><i class=\"awb-form-icon fa-envelope fas\"><\/i><input type=\"email\" autocomplete=\"off\" name=\"email_address\" id=\"email_address\" value=\"\"  class=\"fusion-form-input\" required=\"true\" aria-required=\"true\" data-holds-private-data=\"false\"\/><\/div><\/div><\/div><\/div><div class=\"fusion-layout-column fusion_builder_column fusion-builder-column-5 fusion_builder_column_1_2 1_2 fusion-flex-column\" style=\"--awb-bg-size:cover;--awb-width-large:50%;--awb-flex-grow:0;--awb-flex-shrink:0;--awb-margin-top-large:0px;--awb-spacing-right-large:3.84%;--awb-margin-bottom-large:0px;--awb-spacing-left-large:3.84%;--awb-width-medium:50%;--awb-order-medium:0;--awb-flex-grow-medium:0;--awb-flex-shrink-medium:0;--awb-spacing-right-medium:3.84%;--awb-spacing-left-medium:3.84%;--awb-width-small:100%;--awb-order-small:0;--awb-flex-grow-small:0;--awb-flex-shrink-small:0;--awb-spacing-right-small:1.92%;--awb-spacing-left-small:1.92%;\"><div class=\"fusion-column-wrapper fusion-column-has-shadow fusion-flex-justify-content-flex-start fusion-content-layout-column\"><div class=\"fusion-form-field fusion-form-phone-number-field fusion-form-label-above\" style=\"\" data-form-id=\"659\"><div class=\"fusion-form-label-wrapper\"><label for=\"phone_number\">Telefon Numaras\u0131<\/label><\/div><div class=\"fusion-form-input-with-icon\"><i class=\"awb-form-icon fa-phone fas\"><\/i><input type=\"tel\" autocomplete=\"off\" name=\"phone_number\" id=\"phone_number\" value=\"\"  class=\"fusion-form-input\" data-holds-private-data=\"false\"\/><\/div><\/div><\/div><\/div><div class=\"fusion-layout-column fusion_builder_column fusion-builder-column-6 fusion_builder_column_1_1 1_1 fusion-flex-column\" style=\"--awb-bg-size:cover;--awb-width-large:100%;--awb-flex-grow:0;--awb-flex-shrink:0;--awb-margin-top-large:0px;--awb-spacing-right-large:1.92%;--awb-margin-bottom-large:0px;--awb-spacing-left-large:1.92%;--awb-width-medium:100%;--awb-order-medium:0;--awb-flex-grow-medium:0;--awb-flex-shrink-medium:0;--awb-spacing-right-medium:1.92%;--awb-spacing-left-medium:1.92%;--awb-width-small:100%;--awb-order-small:0;--awb-flex-grow-small:0;--awb-flex-shrink-small:0;--awb-spacing-right-small:1.92%;--awb-spacing-left-small:1.92%;\"><div class=\"fusion-column-wrapper fusion-column-has-shadow fusion-flex-justify-content-flex-start fusion-content-layout-column\"><div class=\"fusion-form-field fusion-form-text-field fusion-form-label-above\" style=\"\" data-form-id=\"659\"><div class=\"fusion-form-label-wrapper\"><label for=\"complaint_subject\">\u015eikayet Konusu<\/label><\/div><input type=\"text\" autocomplete=\"off\" name=\"complaint_subject\" id=\"complaint_subject\" value=\"\"  class=\"fusion-form-input\" data-holds-private-data=\"false\" minlength=\"0\"\/><\/div><div class=\"fusion-form-field fusion-form-textarea-field fusion-form-label-above\" style=\"\" data-form-id=\"659\"><label for=\"complaint_message\">\u015eikayet Mesaj\u0131 <abbr class=\"fusion-form-element-required\" title=\"required\">*<\/abbr><\/label><textarea cols=\"40\" autocomplete=\"off\"  minlength=\"0\"  rows=\"4\" tabindex=\"\" id=\"complaint_message\" name=\"complaint_message\" class=\"fusion-form-input\" required=\"true\" aria-required=\"true\" data-holds-private-data=\"false\"><\/textarea><\/div><div class=\"form-submission-notices data-notice_1\" id=\"fusion-notices-1\"><div class=\"fusion-alert alert success alert-success fusion-alert-center fusion-form-response fusion-form-response-success awb-alert-native-link-color alert-dismissable awb-alert-close-boxed\" role=\"alert\"><div class=\"fusion-alert-content-wrapper\"><span class=\"alert-icon\"><i class=\"awb-icon-check-circle\" aria-hidden=\"true\"><\/i><\/span><span class=\"fusion-alert-content\">Mesaj\u0131n i\u00e7in te\u015fekk\u00fcrler. G\u00f6nderildi.<\/span><\/div><button type=\"button\" class=\"close toggle-alert\" data-dismiss=\"alert\" aria-label=\"Close\">&times;<\/button><\/div><div class=\"fusion-alert alert error alert-danger fusion-alert-center fusion-form-response fusion-form-response-error awb-alert-native-link-color alert-dismissable awb-alert-close-boxed\" role=\"alert\"><div class=\"fusion-alert-content-wrapper\"><span class=\"alert-icon\"><i class=\"awb-icon-exclamation-triangle\" aria-hidden=\"true\"><\/i><\/span><span class=\"fusion-alert-content\">Mesaj\u0131n\u0131z\u0131 g\u00f6ndermeye \u00e7al\u0131\u015f\u0131rken bir hata olu\u015ftu. L\u00fctfen daha sonra tekrar deneyiniz.<\/span><\/div><button type=\"button\" class=\"close toggle-alert\" data-dismiss=\"alert\" aria-label=\"Close\">&times;<\/button><\/div><\/div><div class=\"fusion-form-field fusion-form-submit-field fusion-form-label-above\" style=\"\" data-form-id=\"659\"><div style=\"text-align:center;\"><button type=\"submit\" class=\"fusion-button button-flat fusion-button-default-size button-custom fusion-button-default button-1 fusion-button-default-span  button-default form-form-submit\" style=\"--button_bevel_color:#000000;--button_accent_color:#000000;--button_accent_hover_color:#000000;--button_border_hover_color:#ffffff;--button_gradient_top_color:#ededed;--button_gradient_bottom_color:#ededed;--button_gradient_top_color_hover:#d8d8d8;--button_gradient_bottom_color_hover:#d8d8d8;\" data-form-number=\"659\" tabindex=\"\"><span class=\"fusion-button-text awb-button__text awb-button__text--default\">G\u00f6nder<\/span><\/button><\/div><\/div><\/div><\/div><\/div><\/div><input type=\"hidden\" name=\"fusion_privacy_store_ip_ua\" value=\"false\"><input type=\"hidden\" name=\"fusion_privacy_expiration_interval\" value=\"48\"><input type=\"hidden\" name=\"privacy_expiration_action\" value=\"anonymize\"><\/form><\/div><\/div><\/div><div class=\"fusion-layout-column fusion_builder_column fusion-builder-column-7 fusion_builder_column_1_4 1_4 fusion-flex-column\" style=\"--awb-bg-size:cover;--awb-width-large:25%;--awb-flex-grow:0;--awb-flex-shrink:0;--awb-margin-top-large:0px;--awb-spacing-right-large:7.68%;--awb-margin-bottom-large:20px;--awb-spacing-left-large:7.68%;--awb-width-medium:25%;--awb-order-medium:0;--awb-flex-grow-medium:0;--awb-flex-shrink-medium:0;--awb-spacing-right-medium:7.68%;--awb-spacing-left-medium:7.68%;--awb-width-small:100%;--awb-order-small:0;--awb-flex-grow-small:0;--awb-flex-shrink-small:0;--awb-spacing-right-small:1.92%;--awb-spacing-left-small:1.92%;\"><div class=\"fusion-column-wrapper fusion-column-has-shadow fusion-flex-justify-content-flex-start fusion-content-layout-column\"><\/div><\/div><\/div><\/div>\n","protected":false},"excerpt":{"rendered":"","protected":false},"author":1,"featured_media":0,"parent":0,"menu_order":0,"comment_status":"closed","ping_status":"closed","template":"","meta":{"footnotes":""},"class_list":["post-661","page","type-page","status-publish","hentry"],"yoast_head":"<!-- This site is optimized with the Yoast SEO Premium plugin v26.9 (Yoast SEO v26.9) - https:\/\/yoast.com\/product\/yoast-seo-premium-wordpress\/ -->\n<title>Sikayet - Bilsar<\/title>\n<meta name=\"robots\" content=\"noindex, follow\" \/>\n<meta property=\"og:locale\" content=\"tr_TR\" \/>\n<meta property=\"og:type\" content=\"article\" \/>\n<meta property=\"og:title\" content=\"Sikayet\" \/>\n<meta property=\"og:url\" content=\"https:\/\/www.bilsar.com\/tr\/sikayet\/\" \/>\n<meta property=\"og:site_name\" content=\"Bilsar\" \/>\n<meta property=\"article:publisher\" content=\"https:\/\/www.facebook.com\/BilsarAs\/\" \/>\n<meta property=\"article:modified_time\" content=\"2022-01-13T13:59:22+00:00\" \/>\n<meta name=\"twitter:card\" content=\"summary_large_image\" \/>\n<meta name=\"twitter:label1\" content=\"Tahmini okuma s\u00fcresi\" \/>\n\t<meta name=\"twitter:data1\" content=\"5 dakika\" \/>\n<script type=\"application\/ld+json\" class=\"yoast-schema-graph\">{\"@context\":\"https:\/\/schema.org\",\"@graph\":[{\"@type\":\"WebPage\",\"@id\":\"https:\/\/www.bilsar.com\/tr\/sikayet\/\",\"url\":\"https:\/\/www.bilsar.com\/tr\/sikayet\/\",\"name\":\"Sikayet - Bilsar\",\"isPartOf\":{\"@id\":\"https:\/\/www.bilsar.com\/#website\"},\"datePublished\":\"2022-01-04T13:31:16+00:00\",\"dateModified\":\"2022-01-13T13:59:22+00:00\",\"breadcrumb\":{\"@id\":\"https:\/\/www.bilsar.com\/tr\/sikayet\/#breadcrumb\"},\"inLanguage\":\"tr\",\"potentialAction\":[{\"@type\":\"ReadAction\",\"target\":[\"https:\/\/www.bilsar.com\/tr\/sikayet\/\"]}]},{\"@type\":\"BreadcrumbList\",\"@id\":\"https:\/\/www.bilsar.com\/tr\/sikayet\/#breadcrumb\",\"itemListElement\":[{\"@type\":\"ListItem\",\"position\":1,\"name\":\"Home\",\"item\":\"https:\/\/www.bilsar.com\/tr\/\"},{\"@type\":\"ListItem\",\"position\":2,\"name\":\"Sikayet\"}]},{\"@type\":\"WebSite\",\"@id\":\"https:\/\/www.bilsar.com\/#website\",\"url\":\"https:\/\/www.bilsar.com\/\",\"name\":\"Bilsar\",\"description\":\"\",\"publisher\":{\"@id\":\"https:\/\/www.bilsar.com\/#organization\"},\"potentialAction\":[{\"@type\":\"SearchAction\",\"target\":{\"@type\":\"EntryPoint\",\"urlTemplate\":\"https:\/\/www.bilsar.com\/?s={search_term_string}\"},\"query-input\":{\"@type\":\"PropertyValueSpecification\",\"valueRequired\":true,\"valueName\":\"search_term_string\"}}],\"inLanguage\":\"tr\"},{\"@type\":\"Organization\",\"@id\":\"https:\/\/www.bilsar.com\/#organization\",\"name\":\"Bilsar\",\"url\":\"https:\/\/www.bilsar.com\/\",\"logo\":{\"@type\":\"ImageObject\",\"inLanguage\":\"tr\",\"@id\":\"https:\/\/www.bilsar.com\/#\/schema\/logo\/image\/\",\"url\":\"https:\/\/www.bilsar.com\/wp-content\/uploads\/2024\/02\/dark_logo.svg\",\"contentUrl\":\"https:\/\/www.bilsar.com\/wp-content\/uploads\/2024\/02\/dark_logo.svg\",\"width\":419,\"height\":130,\"caption\":\"Bilsar\"},\"image\":{\"@id\":\"https:\/\/www.bilsar.com\/#\/schema\/logo\/image\/\"},\"sameAs\":[\"https:\/\/www.facebook.com\/BilsarAs\/\",\"https:\/\/www.linkedin.com\/company\/bilsar\"],\"description\":\"Established in 1947, Bilsar has become one of the dynamic, pioneering and innovative names of the fashion world today, with over 70 years of gratifying experience in the textile sector. Bilsar, as a leading manufacturer and exporter of Turkey, produces more than 3 million shirts annually.\",\"email\":\"info@bilsar.com\",\"telephone\":\"+902122459000\",\"legalName\":\"Bilsar A.S.\"}]}<\/script>\n<!-- \/ Yoast SEO Premium plugin. -->","yoast_head_json":{"title":"Sikayet - Bilsar","robots":{"index":"noindex","follow":"follow"},"og_locale":"tr_TR","og_type":"article","og_title":"Sikayet","og_url":"https:\/\/www.bilsar.com\/tr\/sikayet\/","og_site_name":"Bilsar","article_publisher":"https:\/\/www.facebook.com\/BilsarAs\/","article_modified_time":"2022-01-13T13:59:22+00:00","twitter_card":"summary_large_image","twitter_misc":{"Tahmini okuma s\u00fcresi":"5 dakika"},"schema":{"@context":"https:\/\/schema.org","@graph":[{"@type":"WebPage","@id":"https:\/\/www.bilsar.com\/tr\/sikayet\/","url":"https:\/\/www.bilsar.com\/tr\/sikayet\/","name":"Sikayet - Bilsar","isPartOf":{"@id":"https:\/\/www.bilsar.com\/#website"},"datePublished":"2022-01-04T13:31:16+00:00","dateModified":"2022-01-13T13:59:22+00:00","breadcrumb":{"@id":"https:\/\/www.bilsar.com\/tr\/sikayet\/#breadcrumb"},"inLanguage":"tr","potentialAction":[{"@type":"ReadAction","target":["https:\/\/www.bilsar.com\/tr\/sikayet\/"]}]},{"@type":"BreadcrumbList","@id":"https:\/\/www.bilsar.com\/tr\/sikayet\/#breadcrumb","itemListElement":[{"@type":"ListItem","position":1,"name":"Home","item":"https:\/\/www.bilsar.com\/tr\/"},{"@type":"ListItem","position":2,"name":"Sikayet"}]},{"@type":"WebSite","@id":"https:\/\/www.bilsar.com\/#website","url":"https:\/\/www.bilsar.com\/","name":"Bilsar","description":"","publisher":{"@id":"https:\/\/www.bilsar.com\/#organization"},"potentialAction":[{"@type":"SearchAction","target":{"@type":"EntryPoint","urlTemplate":"https:\/\/www.bilsar.com\/?s={search_term_string}"},"query-input":{"@type":"PropertyValueSpecification","valueRequired":true,"valueName":"search_term_string"}}],"inLanguage":"tr"},{"@type":"Organization","@id":"https:\/\/www.bilsar.com\/#organization","name":"Bilsar","url":"https:\/\/www.bilsar.com\/","logo":{"@type":"ImageObject","inLanguage":"tr","@id":"https:\/\/www.bilsar.com\/#\/schema\/logo\/image\/","url":"https:\/\/www.bilsar.com\/wp-content\/uploads\/2024\/02\/dark_logo.svg","contentUrl":"https:\/\/www.bilsar.com\/wp-content\/uploads\/2024\/02\/dark_logo.svg","width":419,"height":130,"caption":"Bilsar"},"image":{"@id":"https:\/\/www.bilsar.com\/#\/schema\/logo\/image\/"},"sameAs":["https:\/\/www.facebook.com\/BilsarAs\/","https:\/\/www.linkedin.com\/company\/bilsar"],"description":"Established in 1947, Bilsar has become one of the dynamic, pioneering and innovative names of the fashion world today, with over 70 years of gratifying experience in the textile sector. Bilsar, as a leading manufacturer and exporter of Turkey, produces more than 3 million shirts annually.","email":"info@bilsar.com","telephone":"+902122459000","legalName":"Bilsar A.S."}]}},"_links":{"self":[{"href":"https:\/\/www.bilsar.com\/tr\/wp-json\/wp\/v2\/pages\/661","targetHints":{"allow":["GET"]}}],"collection":[{"href":"https:\/\/www.bilsar.com\/tr\/wp-json\/wp\/v2\/pages"}],"about":[{"href":"https:\/\/www.bilsar.com\/tr\/wp-json\/wp\/v2\/types\/page"}],"author":[{"embeddable":true,"href":"https:\/\/www.bilsar.com\/tr\/wp-json\/wp\/v2\/users\/1"}],"replies":[{"embeddable":true,"href":"https:\/\/www.bilsar.com\/tr\/wp-json\/wp\/v2\/comments?post=661"}],"version-history":[{"count":3,"href":"https:\/\/www.bilsar.com\/tr\/wp-json\/wp\/v2\/pages\/661\/revisions"}],"predecessor-version":[{"id":665,"href":"https:\/\/www.bilsar.com\/tr\/wp-json\/wp\/v2\/pages\/661\/revisions\/665"}],"wp:attachment":[{"href":"https:\/\/www.bilsar.com\/tr\/wp-json\/wp\/v2\/media?parent=661"}],"curies":[{"name":"wp","href":"https:\/\/api.w.org\/{rel}","templated":true}]}}