{"id":804,"date":"2022-03-21T15:11:43","date_gmt":"2022-03-21T12:11:43","guid":{"rendered":"https:\/\/www.bilsar.com\/kalite-politikamiz\/"},"modified":"2023-06-20T13:57:38","modified_gmt":"2023-06-20T10:57:38","slug":"our-quality-policy","status":"publish","type":"page","link":"https:\/\/www.bilsar.com\/tr\/our-quality-policy\/","title":{"rendered":"Kalite Politikam\u0131z"},"content":{"rendered":"<p><div class=\"fusion-fullwidth fullwidth-box fusion-builder-row-1 fusion-flex-container nonhundred-percent-fullwidth non-hundred-percent-height-scrolling\" style=\"--awb-border-radius-top-left:0px;--awb-border-radius-top-right:0px;--awb-border-radius-bottom-right:0px;--awb-border-radius-bottom-left:0px;--awb-margin-top:200px;--awb-flex-wrap:wrap;\" ><div class=\"fusion-builder-row fusion-row fusion-flex-align-items-flex-start fusion-flex-content-wrap\" style=\"max-width:104%;margin-left: calc(-4% \/ 2 );margin-right: calc(-4% \/ 2 );\"><\/div><\/div><div class=\"fusion-fullwidth fullwidth-box fusion-builder-row-2 fusion-flex-container nonhundred-percent-fullwidth non-hundred-percent-height-scrolling\" style=\"--awb-border-radius-top-left:0px;--awb-border-radius-top-right:0px;--awb-border-radius-bottom-right:0px;--awb-border-radius-bottom-left:0px;--awb-flex-wrap:wrap;\" ><div class=\"fusion-builder-row fusion-row fusion-flex-align-items-flex-start fusion-flex-content-wrap\" style=\"max-width:104%;margin-left: calc(-4% \/ 2 );margin-right: calc(-4% \/ 2 );\"><div class=\"fusion-layout-column fusion_builder_column fusion-builder-column-0 fusion_builder_column_1_6 1_6 fusion-flex-column\" style=\"--awb-bg-size:cover;--awb-width-large:16.666666666667%;--awb-margin-top-large:0px;--awb-spacing-right-large:11.52%;--awb-margin-bottom-large:20px;--awb-spacing-left-large:11.52%;--awb-width-medium:16.666666666667%;--awb-order-medium:0;--awb-spacing-right-medium:11.52%;--awb-spacing-left-medium:11.52%;--awb-width-small:100%;--awb-order-small:0;--awb-spacing-right-small:1.92%;--awb-spacing-left-small:1.92%;\"><div class=\"fusion-column-wrapper fusion-column-has-shadow fusion-flex-justify-content-flex-start fusion-content-layout-column\"><\/div><\/div><div class=\"fusion-layout-column fusion_builder_column fusion-builder-column-1 fusion_builder_column_2_3 2_3 fusion-flex-column\" style=\"--awb-bg-size:cover;--awb-width-large:66.666666666667%;--awb-margin-top-large:0px;--awb-spacing-right-large:2.88%;--awb-margin-bottom-large:20px;--awb-spacing-left-large:2.88%;--awb-width-medium:66.666666666667%;--awb-order-medium:0;--awb-spacing-right-medium:2.88%;--awb-spacing-left-medium:2.88%;--awb-width-small:100%;--awb-order-small:0;--awb-spacing-right-small:1.92%;--awb-spacing-left-small:1.92%;\"><div class=\"fusion-column-wrapper fusion-column-has-shadow fusion-flex-justify-content-flex-start fusion-content-layout-column\"><div class=\"fusion-text fusion-text-1\"><p class=\"bodytext divcenter bottommargin-sm span4 collapse-group about-text\">B\u0130LSAR i\u00e7in kalite sadece ula\u015f\u0131lmas\u0131 gereken bir hedef de\u011fil, devaml\u0131 geli\u015fme g\u00f6steren bir s\u00fcre\u00e7 ve bir ya\u015fam bi\u00e7imidir.<br \/>\nHizmetimizin markala\u015fmas\u0131nda kalite, kalitede s\u00fcreklili\u011fi vazge\u00e7ilmez k\u0131larak, m\u00fc\u015fteri memnuniyetini her zaman en \u00fcst seviyede tutmakt\u0131r.<br \/>\nM\u00fc\u015fterilerimizin memnuniyetini ve personelimizin mesleki geli\u015fimlerini \u00f6n planda tutmay\u0131 ama\u00e7 edinmi\u015f \u015firket anlay\u0131\u015f\u0131yla, bilin\u00e7li ve e\u011fitimli personel yap\u0131s\u0131yla hizmet verimimizi \u00fcst seviyede tutarak, m\u00fc\u015fteri ihtiya\u00e7lar\u0131n\u0131 eksiksiz ve zaman\u0131nda kar\u015f\u0131layabilen (s\u00fcrekli kalite) yi kendine ilke edinmi\u015f, sekt\u00f6rde ba\u015far\u0131l\u0131 i\u015flere imza atan, y\u00f6netim sistemini s\u00fcrekli geli\u015ftiren, yurti\u00e7inde ve yurtd\u0131\u015f\u0131nda her zaman tercih edilen bir kurulu\u015f olmay\u0131 benimsemi\u015f ve ama\u00e7 edinmi\u015ftir.<br \/>\nY\u00f6netim stratejimiz \u00e7er\u00e7evesinde ekip olarak bu hedeflere ula\u015fman\u0131n sorumlulu\u011funu ta\u015f\u0131maktay\u0131z.<br \/>\nFaaliyet g\u00f6stermi\u015f oldu\u011fumuz tekstil ithalat ihracat sekt\u00f6r\u00fcnde yay\u0131nlanm\u0131\u015f, ulusal ve uluslararas\u0131 yasa, kanun, y\u00f6netmelik ve standartlara uymay\u0131 kalite politikas\u0131 olarak belirlemi\u015f ve benimsemi\u015ftir.<br \/>\nBilgiye \u00f6nem vererek, insan kayna\u011f\u0131na s\u00fcrekli yat\u0131r\u0131m yapmaktay\u0131z.<br \/>\nKalite y\u00f6netim sistemimizin etkinli\u011finin s\u00fcrekli artmas\u0131n\u0131, ilke edindik ve bunu politikam\u0131z olarak sizlerle payla\u015fmaktay\u0131z.<\/p>\n<\/div><\/div><\/div><div class=\"fusion-layout-column fusion_builder_column fusion-builder-column-2 fusion_builder_column_1_6 1_6 fusion-flex-column\" style=\"--awb-bg-size:cover;--awb-width-large:16.666666666667%;--awb-margin-top-large:0px;--awb-spacing-right-large:11.52%;--awb-margin-bottom-large:20px;--awb-spacing-left-large:11.52%;--awb-width-medium:16.666666666667%;--awb-order-medium:0;--awb-spacing-right-medium:11.52%;--awb-spacing-left-medium:11.52%;--awb-width-small:100%;--awb-order-small:0;--awb-spacing-right-small:1.92%;--awb-spacing-left-small:1.92%;\"><div class=\"fusion-column-wrapper fusion-column-has-shadow fusion-flex-justify-content-flex-start fusion-content-layout-column\"><\/div><\/div><\/div><\/div><\/p>\n","protected":false},"excerpt":{"rendered":"","protected":false},"author":1,"featured_media":0,"parent":0,"menu_order":0,"comment_status":"closed","ping_status":"closed","template":"","meta":{"footnotes":""},"class_list":["post-804","page","type-page","status-publish","hentry"],"yoast_head":"<!-- This site is optimized with the Yoast SEO Premium plugin v26.9 (Yoast SEO v26.9) - https:\/\/yoast.com\/product\/yoast-seo-premium-wordpress\/ -->\n<title>Kalite Politikam\u0131z - Bilsar<\/title>\n<meta name=\"robots\" content=\"index, follow, max-snippet:-1, max-image-preview:large, max-video-preview:-1\" \/>\n<link rel=\"canonical\" href=\"https:\/\/www.bilsar.com\/tr\/our-quality-policy\/\" \/>\n<meta property=\"og:locale\" content=\"tr_TR\" \/>\n<meta property=\"og:type\" content=\"article\" \/>\n<meta property=\"og:title\" content=\"Kalite Politikam\u0131z\" \/>\n<meta property=\"og:url\" content=\"https:\/\/www.bilsar.com\/tr\/our-quality-policy\/\" \/>\n<meta property=\"og:site_name\" content=\"Bilsar\" \/>\n<meta property=\"article:publisher\" content=\"https:\/\/www.facebook.com\/BilsarAs\/\" \/>\n<meta property=\"article:modified_time\" content=\"2023-06-20T10:57:38+00:00\" \/>\n<meta name=\"twitter:card\" content=\"summary_large_image\" \/>\n<meta name=\"twitter:label1\" content=\"Tahmini okuma s\u00fcresi\" \/>\n\t<meta name=\"twitter:data1\" content=\"3 dakika\" \/>\n<script type=\"application\/ld+json\" class=\"yoast-schema-graph\">{\"@context\":\"https:\/\/schema.org\",\"@graph\":[{\"@type\":\"WebPage\",\"@id\":\"https:\/\/www.bilsar.com\/tr\/our-quality-policy\/\",\"url\":\"https:\/\/www.bilsar.com\/tr\/our-quality-policy\/\",\"name\":\"Kalite Politikam\u0131z - Bilsar\",\"isPartOf\":{\"@id\":\"https:\/\/www.bilsar.com\/#website\"},\"datePublished\":\"2022-03-21T12:11:43+00:00\",\"dateModified\":\"2023-06-20T10:57:38+00:00\",\"breadcrumb\":{\"@id\":\"https:\/\/www.bilsar.com\/tr\/our-quality-policy\/#breadcrumb\"},\"inLanguage\":\"tr\",\"potentialAction\":[{\"@type\":\"ReadAction\",\"target\":[\"https:\/\/www.bilsar.com\/tr\/our-quality-policy\/\"]}]},{\"@type\":\"BreadcrumbList\",\"@id\":\"https:\/\/www.bilsar.com\/tr\/our-quality-policy\/#breadcrumb\",\"itemListElement\":[{\"@type\":\"ListItem\",\"position\":1,\"name\":\"Home\",\"item\":\"https:\/\/www.bilsar.com\/tr\/\"},{\"@type\":\"ListItem\",\"position\":2,\"name\":\"Kalite Politikam\u0131z\"}]},{\"@type\":\"WebSite\",\"@id\":\"https:\/\/www.bilsar.com\/#website\",\"url\":\"https:\/\/www.bilsar.com\/\",\"name\":\"Bilsar\",\"description\":\"\",\"publisher\":{\"@id\":\"https:\/\/www.bilsar.com\/#organization\"},\"potentialAction\":[{\"@type\":\"SearchAction\",\"target\":{\"@type\":\"EntryPoint\",\"urlTemplate\":\"https:\/\/www.bilsar.com\/?s={search_term_string}\"},\"query-input\":{\"@type\":\"PropertyValueSpecification\",\"valueRequired\":true,\"valueName\":\"search_term_string\"}}],\"inLanguage\":\"tr\"},{\"@type\":\"Organization\",\"@id\":\"https:\/\/www.bilsar.com\/#organization\",\"name\":\"Bilsar\",\"url\":\"https:\/\/www.bilsar.com\/\",\"logo\":{\"@type\":\"ImageObject\",\"inLanguage\":\"tr\",\"@id\":\"https:\/\/www.bilsar.com\/#\/schema\/logo\/image\/\",\"url\":\"https:\/\/www.bilsar.com\/wp-content\/uploads\/2024\/02\/dark_logo.svg\",\"contentUrl\":\"https:\/\/www.bilsar.com\/wp-content\/uploads\/2024\/02\/dark_logo.svg\",\"width\":419,\"height\":130,\"caption\":\"Bilsar\"},\"image\":{\"@id\":\"https:\/\/www.bilsar.com\/#\/schema\/logo\/image\/\"},\"sameAs\":[\"https:\/\/www.facebook.com\/BilsarAs\/\",\"https:\/\/www.linkedin.com\/company\/bilsar\"],\"description\":\"Established in 1947, Bilsar has become one of the dynamic, pioneering and innovative names of the fashion world today, with over 70 years of gratifying experience in the textile sector. Bilsar, as a leading manufacturer and exporter of Turkey, produces more than 3 million shirts annually.\",\"email\":\"info@bilsar.com\",\"telephone\":\"+902122459000\",\"legalName\":\"Bilsar A.S.\"}]}<\/script>\n<!-- \/ Yoast SEO Premium plugin. -->","yoast_head_json":{"title":"Kalite Politikam\u0131z - Bilsar","robots":{"index":"index","follow":"follow","max-snippet":"max-snippet:-1","max-image-preview":"max-image-preview:large","max-video-preview":"max-video-preview:-1"},"canonical":"https:\/\/www.bilsar.com\/tr\/our-quality-policy\/","og_locale":"tr_TR","og_type":"article","og_title":"Kalite Politikam\u0131z","og_url":"https:\/\/www.bilsar.com\/tr\/our-quality-policy\/","og_site_name":"Bilsar","article_publisher":"https:\/\/www.facebook.com\/BilsarAs\/","article_modified_time":"2023-06-20T10:57:38+00:00","twitter_card":"summary_large_image","twitter_misc":{"Tahmini okuma s\u00fcresi":"3 dakika"},"schema":{"@context":"https:\/\/schema.org","@graph":[{"@type":"WebPage","@id":"https:\/\/www.bilsar.com\/tr\/our-quality-policy\/","url":"https:\/\/www.bilsar.com\/tr\/our-quality-policy\/","name":"Kalite Politikam\u0131z - Bilsar","isPartOf":{"@id":"https:\/\/www.bilsar.com\/#website"},"datePublished":"2022-03-21T12:11:43+00:00","dateModified":"2023-06-20T10:57:38+00:00","breadcrumb":{"@id":"https:\/\/www.bilsar.com\/tr\/our-quality-policy\/#breadcrumb"},"inLanguage":"tr","potentialAction":[{"@type":"ReadAction","target":["https:\/\/www.bilsar.com\/tr\/our-quality-policy\/"]}]},{"@type":"BreadcrumbList","@id":"https:\/\/www.bilsar.com\/tr\/our-quality-policy\/#breadcrumb","itemListElement":[{"@type":"ListItem","position":1,"name":"Home","item":"https:\/\/www.bilsar.com\/tr\/"},{"@type":"ListItem","position":2,"name":"Kalite Politikam\u0131z"}]},{"@type":"WebSite","@id":"https:\/\/www.bilsar.com\/#website","url":"https:\/\/www.bilsar.com\/","name":"Bilsar","description":"","publisher":{"@id":"https:\/\/www.bilsar.com\/#organization"},"potentialAction":[{"@type":"SearchAction","target":{"@type":"EntryPoint","urlTemplate":"https:\/\/www.bilsar.com\/?s={search_term_string}"},"query-input":{"@type":"PropertyValueSpecification","valueRequired":true,"valueName":"search_term_string"}}],"inLanguage":"tr"},{"@type":"Organization","@id":"https:\/\/www.bilsar.com\/#organization","name":"Bilsar","url":"https:\/\/www.bilsar.com\/","logo":{"@type":"ImageObject","inLanguage":"tr","@id":"https:\/\/www.bilsar.com\/#\/schema\/logo\/image\/","url":"https:\/\/www.bilsar.com\/wp-content\/uploads\/2024\/02\/dark_logo.svg","contentUrl":"https:\/\/www.bilsar.com\/wp-content\/uploads\/2024\/02\/dark_logo.svg","width":419,"height":130,"caption":"Bilsar"},"image":{"@id":"https:\/\/www.bilsar.com\/#\/schema\/logo\/image\/"},"sameAs":["https:\/\/www.facebook.com\/BilsarAs\/","https:\/\/www.linkedin.com\/company\/bilsar"],"description":"Established in 1947, Bilsar has become one of the dynamic, pioneering and innovative names of the fashion world today, with over 70 years of gratifying experience in the textile sector. Bilsar, as a leading manufacturer and exporter of Turkey, produces more than 3 million shirts annually.","email":"info@bilsar.com","telephone":"+902122459000","legalName":"Bilsar A.S."}]}},"_links":{"self":[{"href":"https:\/\/www.bilsar.com\/tr\/wp-json\/wp\/v2\/pages\/804","targetHints":{"allow":["GET"]}}],"collection":[{"href":"https:\/\/www.bilsar.com\/tr\/wp-json\/wp\/v2\/pages"}],"about":[{"href":"https:\/\/www.bilsar.com\/tr\/wp-json\/wp\/v2\/types\/page"}],"author":[{"embeddable":true,"href":"https:\/\/www.bilsar.com\/tr\/wp-json\/wp\/v2\/users\/1"}],"replies":[{"embeddable":true,"href":"https:\/\/www.bilsar.com\/tr\/wp-json\/wp\/v2\/comments?post=804"}],"version-history":[{"count":1,"href":"https:\/\/www.bilsar.com\/tr\/wp-json\/wp\/v2\/pages\/804\/revisions"}],"predecessor-version":[{"id":806,"href":"https:\/\/www.bilsar.com\/tr\/wp-json\/wp\/v2\/pages\/804\/revisions\/806"}],"wp:attachment":[{"href":"https:\/\/www.bilsar.com\/tr\/wp-json\/wp\/v2\/media?parent=804"}],"curies":[{"name":"wp","href":"https:\/\/api.w.org\/{rel}","templated":true}]}}